{"id":734,"date":"2013-12-30T09:10:31","date_gmt":"2013-12-30T09:10:31","guid":{"rendered":"http:\/\/nmace.com\/blog\/?page_id=734"},"modified":"2022-02-04T15:20:04","modified_gmt":"2022-02-04T15:20:04","slug":"mes-voyages","status":"publish","type":"page","link":"https:\/\/www.nmace.com\/blog\/mes-voyages\/","title":{"rendered":"Mes autres voyages"},"content":{"rendered":"<p>Cette page pr\u00e9sente mes diff\u00e9rents voyages \u00e0 v\u00e9lo.<\/p>\n<h1>La Loire \u00e0 v\u00e9lo<\/h1>\n<p>Voyage \u00e0 v\u00e9lo en suivant le parcours cyclable de la \u00ab\u00a0Loire \u00e0 v\u00e9lo\u00a0\u00bb entre Saint Nazaire et Tours.\u00a0J\u2019ai pris le train TER de Tours \u00e0 Saint Nazaire avec mon v\u00e9lo et les sacoches. Puis retour dans le sens contraire \u00e0 v\u00e9lo, en suivant le circuit de l\u2019Eurov\u00e9lo 6.<\/p>\n<ul>\n<li style=\"list-style-type: none;\">\n<ul>\n<li style=\"list-style-type: none;\">\n<ul>\n<li>Ville de d\u00e9part : Saint Nazaire<\/li>\n<li>Ville d&rsquo;arriv\u00e9 : Tours<\/li>\n<li>P\u00e9riode : \u00e9t\u00e9 2013<\/li>\n<li>Dur\u00e9e : 4 jours<\/li>\n<\/ul>\n<\/li>\n<\/ul>\n<\/li>\n<\/ul>\n\r\n<div class=\"ngg-galleryoverview\" id=\"ngg-gallery-3-734\">\r\n\r\n\r\n\t\r\n\t<!-- Thumbnails -->\r\n\t\t\r\n\t<div id=\"ngg-image-7\" class=\"ngg-gallery-thumbnail-box\" style=\"width:25%;\" >\r\n\t\t<div class=\"ngg-gallery-thumbnail\" >\r\n\t\t\t<a href=\"https:\/\/i0.wp.com\/www.nmace.com\/blog\/wp-content\/gallery\/galerie_loireavelo\/panneau_loireavelo.jpg?ssl=1\" title=\" \" class=\"shutterset_set_3\" >\r\n\t\t\t\t\t\t\t\t<img loading=\"lazy\" decoding=\"async\" title=\"panneau_loireavelo\" alt=\"panneau_loireavelo\" src=\"https:\/\/i0.wp.com\/www.nmace.com\/blog\/wp-content\/gallery\/galerie_loireavelo\/thumbs\/thumbs_panneau_loireavelo.jpg?resize=100%2C75&#038;ssl=1\" width=\"100\" height=\"75\" data-recalc-dims=\"1\" \/>\r\n\t\t\t\t\t\t\t<\/a>\r\n\t\t<\/div>\r\n\t<\/div>\r\n\t\r\n\t\t\r\n \t\t\r\n\t<div id=\"ngg-image-9\" class=\"ngg-gallery-thumbnail-box\" style=\"width:25%;\" >\r\n\t\t<div class=\"ngg-gallery-thumbnail\" >\r\n\t\t\t<a href=\"https:\/\/i0.wp.com\/www.nmace.com\/blog\/wp-content\/gallery\/galerie_loireavelo\/pond_de_saintnazaire.jpg?ssl=1\" title=\"Pond de Saint-Nazaire, assez difficile \u00e0 v\u00e9lo.\" class=\"shutterset_set_3\" >\r\n\t\t\t\t\t\t\t\t<img loading=\"lazy\" decoding=\"async\" title=\"pond_de_saintnazaire\" alt=\"pond_de_saintnazaire\" src=\"https:\/\/i0.wp.com\/www.nmace.com\/blog\/wp-content\/gallery\/galerie_loireavelo\/thumbs\/thumbs_pond_de_saintnazaire.jpg?resize=100%2C75&#038;ssl=1\" width=\"100\" height=\"75\" data-recalc-dims=\"1\" \/>\r\n\t\t\t\t\t\t\t<\/a>\r\n\t\t<\/div>\r\n\t<\/div>\r\n\t\r\n\t\t\r\n \t \t\r\n\t<!-- Pagination -->\r\n \t<div class='ngg-clear'><\/div>\n \t\r\n<\/div>\r\n\r\n\n<p>&nbsp;<\/p>\n<p><em>Itin\u00e9raire :\u00a0<\/em><\/p>\n<p style=\"text-align: center;\"><a href=\"https:\/\/i0.wp.com\/nmace.com\/blog\/wp-content\/uploads\/2013\/12\/itineraire_loire_a_velo.jpg\"><img loading=\"lazy\" decoding=\"async\" data-attachment-id=\"773\" data-permalink=\"https:\/\/www.nmace.com\/blog\/mes-voyages\/itineraire_loire_a_velo\/\" data-orig-file=\"https:\/\/i0.wp.com\/www.nmace.com\/blog\/wp-content\/uploads\/2013\/12\/itineraire_loire_a_velo.jpg?fit=908%2C646&amp;ssl=1\" data-orig-size=\"908,646\" data-comments-opened=\"0\" data-image-meta=\"{&quot;aperture&quot;:&quot;0&quot;,&quot;credit&quot;:&quot;&quot;,&quot;camera&quot;:&quot;&quot;,&quot;caption&quot;:&quot;&quot;,&quot;created_timestamp&quot;:&quot;0&quot;,&quot;copyright&quot;:&quot;&quot;,&quot;focal_length&quot;:&quot;0&quot;,&quot;iso&quot;:&quot;0&quot;,&quot;shutter_speed&quot;:&quot;0&quot;,&quot;title&quot;:&quot;&quot;}\" data-image-title=\"itineraire_loire_a_velo\" data-image-description=\"\" data-image-caption=\"\" data-medium-file=\"https:\/\/i0.wp.com\/www.nmace.com\/blog\/wp-content\/uploads\/2013\/12\/itineraire_loire_a_velo.jpg?fit=300%2C213&amp;ssl=1\" data-large-file=\"https:\/\/i0.wp.com\/www.nmace.com\/blog\/wp-content\/uploads\/2013\/12\/itineraire_loire_a_velo.jpg?fit=474%2C337&amp;ssl=1\" tabindex=\"0\" role=\"button\" class=\"aligncenter size-full wp-image-773\" src=\"https:\/\/i0.wp.com\/nmace.com\/blog\/wp-content\/uploads\/2013\/12\/itineraire_loire_a_velo.jpg?resize=474%2C337\" alt=\"itineraire_loire_a_velo\" width=\"474\" height=\"337\" srcset=\"https:\/\/i0.wp.com\/www.nmace.com\/blog\/wp-content\/uploads\/2013\/12\/itineraire_loire_a_velo.jpg?w=908&amp;ssl=1 908w, https:\/\/i0.wp.com\/www.nmace.com\/blog\/wp-content\/uploads\/2013\/12\/itineraire_loire_a_velo.jpg?resize=300%2C213&amp;ssl=1 300w\" sizes=\"(max-width: 474px) 100vw, 474px\" data-recalc-dims=\"1\" \/><\/a><\/p>\n<p><span style=\"text-decoration: underline;\">Site d&rsquo;informations<\/span> :<\/p>\n<p><a href=\"http:\/\/www.loireavelo.fr\/\">http:\/\/www.loireavelo.fr\/<\/a><\/p>\n<p><a href=\"http:\/\/www.eurovelo6.org\/\">http:\/\/www.eurovelo6.org\/<\/a><\/p>\n<p><span style=\"font-size: 26px; font-weight: bold; line-height: 1.3846153846;\">Angleterre sous la pluie<\/span><\/p>\n<p>P\u00e9daler sous la pluie et le froid \u00e0 travers la campagne anglaise.<\/p>\n<p>Galerie photos (cliquez dessus) :<\/p>\n<p style=\"text-align: center;\">[Gallery not found]<\/p>\n<ul>\n<li>Ville de d\u00e9part : a\u00e9roport de Londres Stansted<\/li>\n<li>Ville d&rsquo;arriv\u00e9 : Portsmouth<\/li>\n<li>P\u00e9riode : d\u00e9cembre 2013<\/li>\n<li>Dur\u00e9es : 1 semaine<\/li>\n<\/ul>\n<p><em>Itin\u00e9raire :\u00a0<\/em><\/p>\n<p><iframe loading=\"lazy\" src=\"https:\/\/maps.google.fr\/maps?f=d&amp;source=s_d&amp;saddr=Stansted+Airport,+Stansted,+Royaume-Uni&amp;daddr=St+Albans,+Royaume-Uni+to:Windsor,+Royaume-Uni+to:Ascot,+Royaume-Uni+to:Woking,+Royaume-Uni+to:Guildford,+Royaume-Uni+to:Godalming,+Royaume-Uni+to:Milford,+Royaume-Uni+to:Liphook,+Royaume-Uni+to:Petersfield,+Royaume-Uni+to:Buriton,+Royaume-Uni+to:Portsmouth,+Royaume-Uni&amp;geocode=FVq1FwMdaaUDACFIJjVrl9CkMCm3GyqluAR2SDFIJjVrl9CkMA%3BFRWvFQMdFNL6_ykJyZPnoDh2SDFZQKZGgITscQ%3BFYCMEQMdOKP2_ymXOTJIDHp2SDG2Mn3t03ZtSg%3BFSBxEAMdurz1_ylB3UxQ13h2SDFqwChPhtGvCg%3BFSYIDwMdXXT3_ym3Y9EWGNR1SDF0s0gGuuL5IA%3BFXzNDQMd10v3_ynfWZa3r8R1SDGhqOv5splmlA%3BFUQIDQMdOKb2_yk5BV6CecV1SDGSqnE7wXMTUg%3BFVrYDAMdZRT2_yn_UQ-d4c11SDGqbFyodI_YiA%3BFQJeCwMdD8Tz_ymroxlxTzR0SDFQZobUyIURCg%3BFWdQCgMdEqzx_ymD4ggxijV0SDHYwQ-pqML7eg%3BFUjZCQMdKI_x_ykr7UiJs0d0SDE5uOWAtyNirQ%3BFZtmBwMdO3jv_ynp8RQYpEJ0SDF5OzcD6oO2RQ&amp;sll=51.354631,-0.406494&amp;sspn=2.096005,4.301147&amp;hl=fr&amp;dirflg=w&amp;mra=ltm&amp;ie=UTF8&amp;ll=51.354631,-0.406494&amp;spn=1.072067,1.346356&amp;t=m&amp;output=embed\" width=\"425\" height=\"350\" frameborder=\"0\" marginwidth=\"0\" marginheight=\"0\" scrolling=\"no\"><\/iframe><br \/>\n<small><a style=\"color: #0000ff; text-align: left;\" href=\"https:\/\/maps.google.fr\/maps?f=d&amp;source=embed&amp;saddr=Stansted+Airport,+Stansted,+Royaume-Uni&amp;daddr=St+Albans,+Royaume-Uni+to:Windsor,+Royaume-Uni+to:Ascot,+Royaume-Uni+to:Woking,+Royaume-Uni+to:Guildford,+Royaume-Uni+to:Godalming,+Royaume-Uni+to:Milford,+Royaume-Uni+to:Liphook,+Royaume-Uni+to:Petersfield,+Royaume-Uni+to:Buriton,+Royaume-Uni+to:Portsmouth,+Royaume-Uni&amp;geocode=FVq1FwMdaaUDACFIJjVrl9CkMCm3GyqluAR2SDFIJjVrl9CkMA%3BFRWvFQMdFNL6_ykJyZPnoDh2SDFZQKZGgITscQ%3BFYCMEQMdOKP2_ymXOTJIDHp2SDG2Mn3t03ZtSg%3BFSBxEAMdurz1_ylB3UxQ13h2SDFqwChPhtGvCg%3BFSYIDwMdXXT3_ym3Y9EWGNR1SDF0s0gGuuL5IA%3BFXzNDQMd10v3_ynfWZa3r8R1SDGhqOv5splmlA%3BFUQIDQMdOKb2_yk5BV6CecV1SDGSqnE7wXMTUg%3BFVrYDAMdZRT2_yn_UQ-d4c11SDGqbFyodI_YiA%3BFQJeCwMdD8Tz_ymroxlxTzR0SDFQZobUyIURCg%3BFWdQCgMdEqzx_ymD4ggxijV0SDHYwQ-pqML7eg%3BFUjZCQMdKI_x_ykr7UiJs0d0SDE5uOWAtyNirQ%3BFZtmBwMdO3jv_ynp8RQYpEJ0SDF5OzcD6oO2RQ&amp;sll=51.354631,-0.406494&amp;sspn=2.096005,4.301147&amp;hl=fr&amp;dirflg=w&amp;mra=ltm&amp;ie=UTF8&amp;ll=51.354631,-0.406494&amp;spn=1.072067,1.346356&amp;t=m\">Agrandir le plan<\/a><\/small><\/p>\n<p>&nbsp;<\/p>\n<h1>Tour de Bretagne \u00e0 v\u00e9lo<\/h1>\n<blockquote class=\"wp-embedded-content\" data-secret=\"k2gU5cSCTb\"><p><a href=\"https:\/\/www.nmace.com\/blog\/la-bretagne-a-velo\/\">La Bretagne \u00e0 v\u00e9lo<\/a><\/p><\/blockquote>\n<p><iframe class=\"wp-embedded-content\" sandbox=\"allow-scripts\" security=\"restricted\" style=\"position: absolute; clip: rect(1px, 1px, 1px, 1px);\" title=\"\u00ab\u00a0La Bretagne \u00e0 v\u00e9lo\u00a0\u00bb &#8212; nmace\" src=\"https:\/\/www.nmace.com\/blog\/la-bretagne-a-velo\/embed\/#?secret=p5yFV9O9Qk#?secret=k2gU5cSCTb\" data-secret=\"k2gU5cSCTb\" width=\"474\" height=\"267\" frameborder=\"0\" marginwidth=\"0\" marginheight=\"0\" scrolling=\"no\"><\/iframe><\/p>\n<h1>Tour du monde \u00e0 v\u00e9lo 2014 &#8211; 2015<\/h1>\n<blockquote class=\"wp-embedded-content\" data-secret=\"QHZ2SoFNc9\"><p><a href=\"https:\/\/www.nmace.com\/blog\/bientot-projet-de-voyage-a-velo\/\">Pr\u00e9sentation du projet tour du monde \u00e0 v\u00e9lo.<\/a><\/p><\/blockquote>\n<p><iframe class=\"wp-embedded-content\" sandbox=\"allow-scripts\" security=\"restricted\" style=\"position: absolute; clip: rect(1px, 1px, 1px, 1px);\" title=\"\u00ab\u00a0Pr\u00e9sentation du projet tour du monde \u00e0 v\u00e9lo.\u00a0\u00bb &#8212; nmace\" src=\"https:\/\/www.nmace.com\/blog\/bientot-projet-de-voyage-a-velo\/embed\/#?secret=3YqS7TBxsw#?secret=QHZ2SoFNc9\" data-secret=\"QHZ2SoFNc9\" width=\"474\" height=\"267\" frameborder=\"0\" marginwidth=\"0\" marginheight=\"0\" scrolling=\"no\"><\/iframe><\/p>\n<h1>Trek sur la voie royale en su\u00e8de<\/h1>\n<blockquote class=\"wp-embedded-content\" data-secret=\"xOlfC34dt0\"><p><a href=\"https:\/\/www.nmace.com\/blog\/kungsleden-de-hemavan-a-abisko\/\">Kungsleden de Hemavan \u00e0 Abisko<\/a><\/p><\/blockquote>\n<p><iframe class=\"wp-embedded-content\" sandbox=\"allow-scripts\" security=\"restricted\" style=\"position: absolute; clip: rect(1px, 1px, 1px, 1px);\" title=\"\u00ab\u00a0Kungsleden de Hemavan \u00e0 Abisko\u00a0\u00bb &#8212; nmace\" src=\"https:\/\/www.nmace.com\/blog\/kungsleden-de-hemavan-a-abisko\/embed\/#?secret=STuYbU9ETp#?secret=xOlfC34dt0\" data-secret=\"xOlfC34dt0\" width=\"474\" height=\"267\" frameborder=\"0\" marginwidth=\"0\" marginheight=\"0\" scrolling=\"no\"><\/iframe><\/p>\n<h1>Travers\u00e9e de la France en VTT &#8211; 2020<\/h1>\n<blockquote class=\"wp-embedded-content\" data-secret=\"KsECCMSZcx\"><p><a href=\"https:\/\/www.nmace.com\/blog\/finir-la-french-divide-en-roue-de-26-et-en-pedale-plate\/\">Finir la French Divide en roue de 26 et en p\u00e9dale plate.<\/a><\/p><\/blockquote>\n<p><iframe class=\"wp-embedded-content\" sandbox=\"allow-scripts\" security=\"restricted\" style=\"position: absolute; clip: rect(1px, 1px, 1px, 1px);\" title=\"\u00ab\u00a0Finir la French Divide en roue de 26 et en p\u00e9dale plate.\u00a0\u00bb &#8212; nmace\" src=\"https:\/\/www.nmace.com\/blog\/finir-la-french-divide-en-roue-de-26-et-en-pedale-plate\/embed\/#?secret=0iHy77xarz#?secret=KsECCMSZcx\" data-secret=\"KsECCMSZcx\" width=\"474\" height=\"267\" frameborder=\"0\" marginwidth=\"0\" marginheight=\"0\" scrolling=\"no\"><\/iframe><\/p>\n<h1>Tour de Bretagne en VTT &#8211; 2020<\/h1>\n<blockquote class=\"wp-embedded-content\" data-secret=\"WgQs4kQo44\"><p><a href=\"https:\/\/www.nmace.com\/blog\/gravel-tro-breizh-2020\/\">Gravel Tro Breizh 2020<\/a><\/p><\/blockquote>\n<p><iframe class=\"wp-embedded-content\" sandbox=\"allow-scripts\" security=\"restricted\" style=\"position: absolute; clip: rect(1px, 1px, 1px, 1px);\" title=\"\u00ab\u00a0Gravel Tro Breizh 2020\u00a0\u00bb &#8212; nmace\" src=\"https:\/\/www.nmace.com\/blog\/gravel-tro-breizh-2020\/embed\/#?secret=24fLQtoOrW#?secret=WgQs4kQo44\" data-secret=\"WgQs4kQo44\" width=\"474\" height=\"267\" frameborder=\"0\" marginwidth=\"0\" marginheight=\"0\" scrolling=\"no\"><\/iframe><\/p>\n<h1>Travers\u00e9e de la France en VTT en diagonale &#8211; 2021<\/h1>\n<blockquote class=\"wp-embedded-content\" data-secret=\"bTG0lyooKh\"><p><a href=\"https:\/\/www.nmace.com\/blog\/inscription-a-la-sea-to-peak\/\">Terminer la Sea To peak en 12 jours, toujours en roue de 26 !<\/a><\/p><\/blockquote>\n<p><iframe class=\"wp-embedded-content\" sandbox=\"allow-scripts\" security=\"restricted\" style=\"position: absolute; clip: rect(1px, 1px, 1px, 1px);\" title=\"\u00ab\u00a0Terminer la Sea To peak en 12 jours, toujours en roue de 26 !\u00a0\u00bb &#8212; nmace\" src=\"https:\/\/www.nmace.com\/blog\/inscription-a-la-sea-to-peak\/embed\/#?secret=OXsKoquh9j#?secret=bTG0lyooKh\" data-secret=\"bTG0lyooKh\" width=\"474\" height=\"267\" frameborder=\"0\" marginwidth=\"0\" marginheight=\"0\" scrolling=\"no\"><\/iframe><\/p>\n","protected":false},"excerpt":{"rendered":"<p>Cette page pr\u00e9sente mes diff\u00e9rents voyages \u00e0 v\u00e9lo. La Loire \u00e0 v\u00e9lo Voyage \u00e0 v\u00e9lo en suivant le parcours cyclable de la \u00ab\u00a0Loire \u00e0 v\u00e9lo\u00a0\u00bb entre Saint Nazaire et Tours.\u00a0J\u2019ai pris le train TER de Tours \u00e0 Saint Nazaire avec mon v\u00e9lo et les sacoches. Puis retour dans le sens contraire \u00e0 v\u00e9lo, en suivant &hellip; <a href=\"https:\/\/www.nmace.com\/blog\/mes-voyages\/\" class=\"more-link\">Continuer la lecture de <span class=\"screen-reader-text\">Mes autres voyages<\/span>  <span class=\"meta-nav\">&rarr;<\/span><\/a><\/p>\n","protected":false},"author":1,"featured_media":0,"parent":0,"menu_order":0,"comment_status":"closed","ping_status":"closed","template":"","meta":{"jetpack_post_was_ever_published":false,"footnotes":""},"jetpack_sharing_enabled":true,"jetpack_shortlink":"https:\/\/wp.me\/P4on3C-bQ","jetpack-related-posts":[],"_links":{"self":[{"href":"https:\/\/www.nmace.com\/blog\/wp-json\/wp\/v2\/pages\/734"}],"collection":[{"href":"https:\/\/www.nmace.com\/blog\/wp-json\/wp\/v2\/pages"}],"about":[{"href":"https:\/\/www.nmace.com\/blog\/wp-json\/wp\/v2\/types\/page"}],"author":[{"embeddable":true,"href":"https:\/\/www.nmace.com\/blog\/wp-json\/wp\/v2\/users\/1"}],"replies":[{"embeddable":true,"href":"https:\/\/www.nmace.com\/blog\/wp-json\/wp\/v2\/comments?post=734"}],"version-history":[{"count":42,"href":"https:\/\/www.nmace.com\/blog\/wp-json\/wp\/v2\/pages\/734\/revisions"}],"predecessor-version":[{"id":3254,"href":"https:\/\/www.nmace.com\/blog\/wp-json\/wp\/v2\/pages\/734\/revisions\/3254"}],"wp:attachment":[{"href":"https:\/\/www.nmace.com\/blog\/wp-json\/wp\/v2\/media?parent=734"}],"curies":[{"name":"wp","href":"https:\/\/api.w.org\/{rel}","templated":true}]}}