{"id":2,"date":"2010-12-30T11:54:41","date_gmt":"2010-12-30T11:54:41","guid":{"rendered":"http:\/\/nmace.com\/blog\/?page_id=2"},"modified":"2021-08-02T13:32:14","modified_gmt":"2021-08-02T13:32:14","slug":"a-propos","status":"publish","type":"page","link":"https:\/\/www.nmace.com\/blog\/a-propos\/","title":{"rendered":"\u00c0 propos"},"content":{"rendered":"<p>Bienvenue sur le site web de nmace\u00a0!<\/p>\n<p><strong>Qui suis-je ?<\/strong><\/p>\n<ul>\n<li><span style=\"line-height: 13px;\">Nationalit\u00e9 :\u00a0Fran\u00e7aise,<\/span><\/li>\n<li>Chef d&rsquo;entreprise et ing\u00e9nieur en \u00e9lectronique,<\/li>\n<li>Je me d\u00e9place essentiellement \u00e0 v\u00e9lo ou en train.<\/li>\n<\/ul>\n<p style=\"text-align: justify;\">Site consacr\u00e9 au voyage \u00e0 v\u00e9lo, mon tour du monde \u00a0de avril 2014 \u00e0 septembre 2015 et de treks.<\/p>\n<ul>\n<li><em>Tour du monde de 2014 &#8211; 2015 \u00e0 v\u00e9lo (31322 km)<\/em><\/li>\n<li><em>Travers\u00e9e de la Laponie \u00e0 pied (1mois)<\/em><\/li>\n<li><em>Travers\u00e9e de la France en VTT (French Divide en 13 jours) du nord au sud<\/em><\/li>\n<li><em>Travers\u00e9e de la France en VTT (Sea To Peak en 12 jours) de la Bretagne au Alpes.<\/em><\/li>\n<\/ul>\n<p>&nbsp;<\/p>\n<p>&nbsp;<\/p>\n","protected":false},"excerpt":{"rendered":"<p>Bienvenue sur le site web de nmace\u00a0! Qui suis-je ? Nationalit\u00e9 :\u00a0Fran\u00e7aise, Chef d&rsquo;entreprise et ing\u00e9nieur en \u00e9lectronique, Je me d\u00e9place essentiellement \u00e0 v\u00e9lo ou en train. Site consacr\u00e9 au voyage \u00e0 v\u00e9lo, mon tour du monde \u00a0de avril 2014 \u00e0 septembre 2015 et de treks. Tour du monde de 2014 &#8211; 2015 \u00e0 v\u00e9lo &hellip; <a href=\"https:\/\/www.nmace.com\/blog\/a-propos\/\" class=\"more-link\">Continuer la lecture de <span class=\"screen-reader-text\">\u00c0 propos<\/span>  <span class=\"meta-nav\">&rarr;<\/span><\/a><\/p>\n","protected":false},"author":1,"featured_media":0,"parent":0,"menu_order":0,"comment_status":"open","ping_status":"open","template":"","meta":{"jetpack_post_was_ever_published":false,"footnotes":""},"jetpack_sharing_enabled":true,"jetpack_shortlink":"https:\/\/wp.me\/P4on3C-2","jetpack-related-posts":[],"_links":{"self":[{"href":"https:\/\/www.nmace.com\/blog\/wp-json\/wp\/v2\/pages\/2"}],"collection":[{"href":"https:\/\/www.nmace.com\/blog\/wp-json\/wp\/v2\/pages"}],"about":[{"href":"https:\/\/www.nmace.com\/blog\/wp-json\/wp\/v2\/types\/page"}],"author":[{"embeddable":true,"href":"https:\/\/www.nmace.com\/blog\/wp-json\/wp\/v2\/users\/1"}],"replies":[{"embeddable":true,"href":"https:\/\/www.nmace.com\/blog\/wp-json\/wp\/v2\/comments?post=2"}],"version-history":[{"count":25,"href":"https:\/\/www.nmace.com\/blog\/wp-json\/wp\/v2\/pages\/2\/revisions"}],"predecessor-version":[{"id":3183,"href":"https:\/\/www.nmace.com\/blog\/wp-json\/wp\/v2\/pages\/2\/revisions\/3183"}],"wp:attachment":[{"href":"https:\/\/www.nmace.com\/blog\/wp-json\/wp\/v2\/media?parent=2"}],"curies":[{"name":"wp","href":"https:\/\/api.w.org\/{rel}","templated":true}]}}