{"id":1841,"date":"2014-10-29T08:48:59","date_gmt":"2014-10-29T08:48:59","guid":{"rendered":"http:\/\/www.nmace.com\/blog\/?page_id=1841"},"modified":"2014-10-30T02:15:25","modified_gmt":"2014-10-30T02:15:25","slug":"territoire-du-nord-northern-territory","status":"publish","type":"page","link":"https:\/\/www.nmace.com\/blog\/territoire-du-nord-northern-territory\/","title":{"rendered":"Territoire du nord (Northern Territory)"},"content":{"rendered":"\r\n<div class=\"ngg-galleryoverview\" id=\"ngg-gallery-20-1841\">\r\n\r\n\r\n\t\r\n\t<!-- Thumbnails -->\r\n\t\t\r\n\t<div id=\"ngg-image-331\" class=\"ngg-gallery-thumbnail-box\" style=\"width:25%;\" >\r\n\t\t<div class=\"ngg-gallery-thumbnail\" >\r\n\t\t\t<a href=\"https:\/\/i0.wp.com\/www.nmace.com\/blog\/wp-content\/gallery\/territoire_du_nord_australie\/dscn0038_0.jpg?ssl=1\" title=\"Termiti\u00e8re.\" class=\"shutterset_set_20\" >\r\n\t\t\t\t\t\t\t\t<img loading=\"lazy\" decoding=\"async\" title=\"dscn0038_0\" alt=\"dscn0038_0\" src=\"https:\/\/i0.wp.com\/www.nmace.com\/blog\/wp-content\/gallery\/territoire_du_nord_australie\/thumbs\/thumbs_dscn0038_0.jpg?resize=100%2C75&#038;ssl=1\" width=\"100\" height=\"75\" data-recalc-dims=\"1\" \/>\r\n\t\t\t\t\t\t\t<\/a>\r\n\t\t<\/div>\r\n\t<\/div>\r\n\t\r\n\t\t\r\n \t\t\r\n\t<div id=\"ngg-image-341\" class=\"ngg-gallery-thumbnail-box\" style=\"width:25%;\" >\r\n\t\t<div class=\"ngg-gallery-thumbnail\" >\r\n\t\t\t<a href=\"https:\/\/i0.wp.com\/www.nmace.com\/blog\/wp-content\/gallery\/territoire_du_nord_australie\/dscn0027.jpg?ssl=1\" title=\" \" class=\"shutterset_set_20\" >\r\n\t\t\t\t\t\t\t\t<img loading=\"lazy\" decoding=\"async\" title=\"dscn0027\" alt=\"dscn0027\" src=\"https:\/\/i0.wp.com\/www.nmace.com\/blog\/wp-content\/gallery\/territoire_du_nord_australie\/thumbs\/thumbs_dscn0027.jpg?resize=100%2C75&#038;ssl=1\" width=\"100\" height=\"75\" data-recalc-dims=\"1\" \/>\r\n\t\t\t\t\t\t\t<\/a>\r\n\t\t<\/div>\r\n\t<\/div>\r\n\t\r\n\t\t\r\n \t\t\r\n\t<div id=\"ngg-image-340\" class=\"ngg-gallery-thumbnail-box\" style=\"width:25%;\" >\r\n\t\t<div class=\"ngg-gallery-thumbnail\" >\r\n\t\t\t<a href=\"https:\/\/i0.wp.com\/www.nmace.com\/blog\/wp-content\/gallery\/territoire_du_nord_australie\/dscn0018.jpg?ssl=1\" title=\" \" class=\"shutterset_set_20\" >\r\n\t\t\t\t\t\t\t\t<img loading=\"lazy\" decoding=\"async\" title=\"dscn0018\" alt=\"dscn0018\" src=\"https:\/\/i0.wp.com\/www.nmace.com\/blog\/wp-content\/gallery\/territoire_du_nord_australie\/thumbs\/thumbs_dscn0018.jpg?resize=100%2C75&#038;ssl=1\" width=\"100\" height=\"75\" data-recalc-dims=\"1\" \/>\r\n\t\t\t\t\t\t\t<\/a>\r\n\t\t<\/div>\r\n\t<\/div>\r\n\t\r\n\t\t\r\n \t\t\r\n\t<div id=\"ngg-image-339\" class=\"ngg-gallery-thumbnail-box\" style=\"width:25%;\" >\r\n\t\t<div class=\"ngg-gallery-thumbnail\" >\r\n\t\t\t<a href=\"https:\/\/i0.wp.com\/www.nmace.com\/blog\/wp-content\/gallery\/territoire_du_nord_australie\/dscn0010.jpg?ssl=1\" title=\" \" class=\"shutterset_set_20\" >\r\n\t\t\t\t\t\t\t\t<img loading=\"lazy\" decoding=\"async\" title=\"dscn0010\" alt=\"dscn0010\" src=\"https:\/\/i0.wp.com\/www.nmace.com\/blog\/wp-content\/gallery\/territoire_du_nord_australie\/thumbs\/thumbs_dscn0010.jpg?resize=100%2C75&#038;ssl=1\" width=\"100\" height=\"75\" data-recalc-dims=\"1\" \/>\r\n\t\t\t\t\t\t\t<\/a>\r\n\t\t<\/div>\r\n\t<\/div>\r\n\t\r\n\t\t\t\t<br style=\"clear: both\" \/>\r\n\t\r\n \t\t\r\n\t<div id=\"ngg-image-338\" class=\"ngg-gallery-thumbnail-box\" style=\"width:25%;\" >\r\n\t\t<div class=\"ngg-gallery-thumbnail\" >\r\n\t\t\t<a href=\"https:\/\/i0.wp.com\/www.nmace.com\/blog\/wp-content\/gallery\/territoire_du_nord_australie\/dscn0056.jpg?ssl=1\" title=\" \" class=\"shutterset_set_20\" >\r\n\t\t\t\t\t\t\t\t<img loading=\"lazy\" decoding=\"async\" title=\"dscn0056\" alt=\"dscn0056\" src=\"https:\/\/i0.wp.com\/www.nmace.com\/blog\/wp-content\/gallery\/territoire_du_nord_australie\/thumbs\/thumbs_dscn0056.jpg?resize=100%2C75&#038;ssl=1\" width=\"100\" height=\"75\" data-recalc-dims=\"1\" \/>\r\n\t\t\t\t\t\t\t<\/a>\r\n\t\t<\/div>\r\n\t<\/div>\r\n\t\r\n\t\t\r\n \t\t\r\n\t<div id=\"ngg-image-337\" class=\"ngg-gallery-thumbnail-box\" style=\"width:25%;\" >\r\n\t\t<div class=\"ngg-gallery-thumbnail\" >\r\n\t\t\t<a href=\"https:\/\/i0.wp.com\/www.nmace.com\/blog\/wp-content\/gallery\/territoire_du_nord_australie\/dscn0051.jpg?ssl=1\" title=\" \" class=\"shutterset_set_20\" >\r\n\t\t\t\t\t\t\t\t<img loading=\"lazy\" decoding=\"async\" title=\"dscn0051\" alt=\"dscn0051\" src=\"https:\/\/i0.wp.com\/www.nmace.com\/blog\/wp-content\/gallery\/territoire_du_nord_australie\/thumbs\/thumbs_dscn0051.jpg?resize=100%2C75&#038;ssl=1\" width=\"100\" height=\"75\" data-recalc-dims=\"1\" \/>\r\n\t\t\t\t\t\t\t<\/a>\r\n\t\t<\/div>\r\n\t<\/div>\r\n\t\r\n\t\t\r\n \t\t\r\n\t<div id=\"ngg-image-336\" class=\"ngg-gallery-thumbnail-box\" style=\"width:25%;\" >\r\n\t\t<div class=\"ngg-gallery-thumbnail\" >\r\n\t\t\t<a href=\"https:\/\/i0.wp.com\/www.nmace.com\/blog\/wp-content\/gallery\/territoire_du_nord_australie\/dscn0046.jpg?ssl=1\" title=\" \" class=\"shutterset_set_20\" >\r\n\t\t\t\t\t\t\t\t<img loading=\"lazy\" decoding=\"async\" title=\"dscn0046\" alt=\"dscn0046\" src=\"https:\/\/i0.wp.com\/www.nmace.com\/blog\/wp-content\/gallery\/territoire_du_nord_australie\/thumbs\/thumbs_dscn0046.jpg?resize=100%2C75&#038;ssl=1\" width=\"100\" height=\"75\" data-recalc-dims=\"1\" \/>\r\n\t\t\t\t\t\t\t<\/a>\r\n\t\t<\/div>\r\n\t<\/div>\r\n\t\r\n\t\t\r\n \t\t\r\n\t<div id=\"ngg-image-335\" class=\"ngg-gallery-thumbnail-box\" style=\"width:25%;\" >\r\n\t\t<div class=\"ngg-gallery-thumbnail\" >\r\n\t\t\t<a href=\"https:\/\/i0.wp.com\/www.nmace.com\/blog\/wp-content\/gallery\/territoire_du_nord_australie\/dscn0045.jpg?ssl=1\" title=\" \" class=\"shutterset_set_20\" >\r\n\t\t\t\t\t\t\t\t<img loading=\"lazy\" decoding=\"async\" title=\"dscn0045\" alt=\"dscn0045\" src=\"https:\/\/i0.wp.com\/www.nmace.com\/blog\/wp-content\/gallery\/territoire_du_nord_australie\/thumbs\/thumbs_dscn0045.jpg?resize=100%2C75&#038;ssl=1\" width=\"100\" height=\"75\" data-recalc-dims=\"1\" \/>\r\n\t\t\t\t\t\t\t<\/a>\r\n\t\t<\/div>\r\n\t<\/div>\r\n\t\r\n\t\t\t\t<br style=\"clear: both\" \/>\r\n\t\r\n \t\t\r\n\t<div id=\"ngg-image-334\" class=\"ngg-gallery-thumbnail-box\" style=\"width:25%;\" >\r\n\t\t<div class=\"ngg-gallery-thumbnail\" >\r\n\t\t\t<a href=\"https:\/\/i0.wp.com\/www.nmace.com\/blog\/wp-content\/gallery\/territoire_du_nord_australie\/dscn0011.jpg?ssl=1\" title=\" \" class=\"shutterset_set_20\" >\r\n\t\t\t\t\t\t\t\t<img loading=\"lazy\" decoding=\"async\" title=\"dscn0011\" alt=\"dscn0011\" src=\"https:\/\/i0.wp.com\/www.nmace.com\/blog\/wp-content\/gallery\/territoire_du_nord_australie\/thumbs\/thumbs_dscn0011.jpg?resize=100%2C75&#038;ssl=1\" width=\"100\" height=\"75\" data-recalc-dims=\"1\" \/>\r\n\t\t\t\t\t\t\t<\/a>\r\n\t\t<\/div>\r\n\t<\/div>\r\n\t\r\n\t\t\r\n \t\t\r\n\t<div id=\"ngg-image-333\" class=\"ngg-gallery-thumbnail-box\" style=\"width:25%;\" >\r\n\t\t<div class=\"ngg-gallery-thumbnail\" >\r\n\t\t\t<a href=\"https:\/\/i0.wp.com\/www.nmace.com\/blog\/wp-content\/gallery\/territoire_du_nord_australie\/dscn0023.jpg?ssl=1\" title=\" \" class=\"shutterset_set_20\" >\r\n\t\t\t\t\t\t\t\t<img loading=\"lazy\" decoding=\"async\" title=\"dscn0023\" alt=\"dscn0023\" src=\"https:\/\/i0.wp.com\/www.nmace.com\/blog\/wp-content\/gallery\/territoire_du_nord_australie\/thumbs\/thumbs_dscn0023.jpg?resize=100%2C75&#038;ssl=1\" width=\"100\" height=\"75\" data-recalc-dims=\"1\" \/>\r\n\t\t\t\t\t\t\t<\/a>\r\n\t\t<\/div>\r\n\t<\/div>\r\n\t\r\n\t\t\r\n \t\t\r\n\t<div id=\"ngg-image-332\" class=\"ngg-gallery-thumbnail-box\" style=\"width:25%;\" >\r\n\t\t<div class=\"ngg-gallery-thumbnail\" >\r\n\t\t\t<a href=\"https:\/\/i0.wp.com\/www.nmace.com\/blog\/wp-content\/gallery\/territoire_du_nord_australie\/dscn0037.jpg?ssl=1\" title=\"Village de Mataranka\" class=\"shutterset_set_20\" >\r\n\t\t\t\t\t\t\t\t<img loading=\"lazy\" decoding=\"async\" title=\"dscn0037\" alt=\"dscn0037\" src=\"https:\/\/i0.wp.com\/www.nmace.com\/blog\/wp-content\/gallery\/territoire_du_nord_australie\/thumbs\/thumbs_dscn0037.jpg?resize=100%2C75&#038;ssl=1\" width=\"100\" height=\"75\" data-recalc-dims=\"1\" \/>\r\n\t\t\t\t\t\t\t<\/a>\r\n\t\t<\/div>\r\n\t<\/div>\r\n\t\r\n\t\t\r\n \t\t\r\n\t<div id=\"ngg-image-330\" class=\"ngg-gallery-thumbnail-box\" style=\"width:25%;\" >\r\n\t\t<div class=\"ngg-gallery-thumbnail\" >\r\n\t\t\t<a href=\"https:\/\/i0.wp.com\/www.nmace.com\/blog\/wp-content\/gallery\/territoire_du_nord_australie\/dscn0030.jpg?ssl=1\" title=\"Road Train (Train de la route)\" class=\"shutterset_set_20\" >\r\n\t\t\t\t\t\t\t\t<img loading=\"lazy\" decoding=\"async\" title=\"dscn0030\" alt=\"dscn0030\" src=\"https:\/\/i0.wp.com\/www.nmace.com\/blog\/wp-content\/gallery\/territoire_du_nord_australie\/thumbs\/thumbs_dscn0030.jpg?resize=100%2C75&#038;ssl=1\" width=\"100\" height=\"75\" data-recalc-dims=\"1\" \/>\r\n\t\t\t\t\t\t\t<\/a>\r\n\t\t<\/div>\r\n\t<\/div>\r\n\t\r\n\t\t\t\t<br style=\"clear: both\" \/>\r\n\t\r\n \t\t\r\n\t<div id=\"ngg-image-317\" class=\"ngg-gallery-thumbnail-box\" style=\"width:25%;\" >\r\n\t\t<div class=\"ngg-gallery-thumbnail\" >\r\n\t\t\t<a href=\"https:\/\/i0.wp.com\/www.nmace.com\/blog\/wp-content\/gallery\/territoire_du_nord_australie\/2014-10-21-10-04-58.jpg?ssl=1\" title=\"Arriver dans le Territoire du Nord. (photo avec mon t\u00e9l\u00e9phone)\" class=\"shutterset_set_20\" >\r\n\t\t\t\t\t\t\t\t<img loading=\"lazy\" decoding=\"async\" title=\"2014-10-21-10-04-58\" alt=\"2014-10-21-10-04-58\" src=\"https:\/\/i0.wp.com\/www.nmace.com\/blog\/wp-content\/gallery\/territoire_du_nord_australie\/thumbs\/thumbs_2014-10-21-10-04-58.jpg?resize=100%2C75&#038;ssl=1\" width=\"100\" height=\"75\" data-recalc-dims=\"1\" \/>\r\n\t\t\t\t\t\t\t<\/a>\r\n\t\t<\/div>\r\n\t<\/div>\r\n\t\r\n\t\t\r\n \t\t\r\n\t<div id=\"ngg-image-328\" class=\"ngg-gallery-thumbnail-box\" style=\"width:25%;\" >\r\n\t\t<div class=\"ngg-gallery-thumbnail\" >\r\n\t\t\t<a href=\"https:\/\/i0.wp.com\/www.nmace.com\/blog\/wp-content\/gallery\/territoire_du_nord_australie\/dscn0035_0.jpg?ssl=1\" title=\"Une petite pause.\" class=\"shutterset_set_20\" >\r\n\t\t\t\t\t\t\t\t<img loading=\"lazy\" decoding=\"async\" title=\"dscn0035_0\" alt=\"dscn0035_0\" src=\"https:\/\/i0.wp.com\/www.nmace.com\/blog\/wp-content\/gallery\/territoire_du_nord_australie\/thumbs\/thumbs_dscn0035_0.jpg?resize=100%2C75&#038;ssl=1\" width=\"100\" height=\"75\" data-recalc-dims=\"1\" \/>\r\n\t\t\t\t\t\t\t<\/a>\r\n\t\t<\/div>\r\n\t<\/div>\r\n\t\r\n\t\t\r\n \t\t\r\n\t<div id=\"ngg-image-327\" class=\"ngg-gallery-thumbnail-box\" style=\"width:25%;\" >\r\n\t\t<div class=\"ngg-gallery-thumbnail\" >\r\n\t\t\t<a href=\"https:\/\/i0.wp.com\/www.nmace.com\/blog\/wp-content\/gallery\/territoire_du_nord_australie\/dscn0024.jpg?ssl=1\" title=\"Il fait tr\u00e8s chaud dans l'outback !\" class=\"shutterset_set_20\" >\r\n\t\t\t\t\t\t\t\t<img loading=\"lazy\" decoding=\"async\" title=\"dscn0024\" alt=\"dscn0024\" src=\"https:\/\/i0.wp.com\/www.nmace.com\/blog\/wp-content\/gallery\/territoire_du_nord_australie\/thumbs\/thumbs_dscn0024.jpg?resize=100%2C75&#038;ssl=1\" width=\"100\" height=\"75\" data-recalc-dims=\"1\" \/>\r\n\t\t\t\t\t\t\t<\/a>\r\n\t\t<\/div>\r\n\t<\/div>\r\n\t\r\n\t\t\r\n \t\t\r\n\t<div id=\"ngg-image-326\" class=\"ngg-gallery-thumbnail-box\" style=\"width:25%;\" >\r\n\t\t<div class=\"ngg-gallery-thumbnail\" >\r\n\t\t\t<a href=\"https:\/\/i0.wp.com\/www.nmace.com\/blog\/wp-content\/gallery\/territoire_du_nord_australie\/dscn0005.jpg?ssl=1\" title=\"Devils marbles, rocher fa\u00e7onner par l'\u00e9rosion depuis des millions d'ann\u00e9es.\" class=\"shutterset_set_20\" >\r\n\t\t\t\t\t\t\t\t<img loading=\"lazy\" decoding=\"async\" title=\"dscn0005\" alt=\"dscn0005\" src=\"https:\/\/i0.wp.com\/www.nmace.com\/blog\/wp-content\/gallery\/territoire_du_nord_australie\/thumbs\/thumbs_dscn0005.jpg?resize=100%2C75&#038;ssl=1\" width=\"100\" height=\"75\" data-recalc-dims=\"1\" \/>\r\n\t\t\t\t\t\t\t<\/a>\r\n\t\t<\/div>\r\n\t<\/div>\r\n\t\r\n\t\t\t\t<br style=\"clear: both\" \/>\r\n\t\r\n \t\t\r\n\t<div id=\"ngg-image-325\" class=\"ngg-gallery-thumbnail-box\" style=\"width:25%;\" >\r\n\t\t<div class=\"ngg-gallery-thumbnail\" >\r\n\t\t\t<a href=\"https:\/\/i0.wp.com\/www.nmace.com\/blog\/wp-content\/gallery\/territoire_du_nord_australie\/dscn0035.jpg?ssl=1\" title=\" \" class=\"shutterset_set_20\" >\r\n\t\t\t\t\t\t\t\t<img loading=\"lazy\" decoding=\"async\" title=\"dscn0035\" alt=\"dscn0035\" src=\"https:\/\/i0.wp.com\/www.nmace.com\/blog\/wp-content\/gallery\/territoire_du_nord_australie\/thumbs\/thumbs_dscn0035.jpg?resize=100%2C75&#038;ssl=1\" width=\"100\" height=\"75\" data-recalc-dims=\"1\" \/>\r\n\t\t\t\t\t\t\t<\/a>\r\n\t\t<\/div>\r\n\t<\/div>\r\n\t\r\n\t\t\r\n \t\t\r\n\t<div id=\"ngg-image-324\" class=\"ngg-gallery-thumbnail-box\" style=\"width:25%;\" >\r\n\t\t<div class=\"ngg-gallery-thumbnail\" >\r\n\t\t\t<a href=\"https:\/\/i0.wp.com\/www.nmace.com\/blog\/wp-content\/gallery\/territoire_du_nord_australie\/dscn0034.jpg?ssl=1\" title=\" \" class=\"shutterset_set_20\" >\r\n\t\t\t\t\t\t\t\t<img loading=\"lazy\" decoding=\"async\" title=\"dscn0034\" alt=\"dscn0034\" src=\"https:\/\/i0.wp.com\/www.nmace.com\/blog\/wp-content\/gallery\/territoire_du_nord_australie\/thumbs\/thumbs_dscn0034.jpg?resize=100%2C75&#038;ssl=1\" width=\"100\" height=\"75\" data-recalc-dims=\"1\" \/>\r\n\t\t\t\t\t\t\t<\/a>\r\n\t\t<\/div>\r\n\t<\/div>\r\n\t\r\n\t\t\r\n \t\t\r\n\t<div id=\"ngg-image-323\" class=\"ngg-gallery-thumbnail-box\" style=\"width:25%;\" >\r\n\t\t<div class=\"ngg-gallery-thumbnail\" >\r\n\t\t\t<a href=\"https:\/\/i0.wp.com\/www.nmace.com\/blog\/wp-content\/gallery\/territoire_du_nord_australie\/dscn0029.jpg?ssl=1\" title=\" \" class=\"shutterset_set_20\" >\r\n\t\t\t\t\t\t\t\t<img loading=\"lazy\" decoding=\"async\" title=\"dscn0029\" alt=\"dscn0029\" src=\"https:\/\/i0.wp.com\/www.nmace.com\/blog\/wp-content\/gallery\/territoire_du_nord_australie\/thumbs\/thumbs_dscn0029.jpg?resize=100%2C75&#038;ssl=1\" width=\"100\" height=\"75\" data-recalc-dims=\"1\" \/>\r\n\t\t\t\t\t\t\t<\/a>\r\n\t\t<\/div>\r\n\t<\/div>\r\n\t\r\n\t\t\r\n \t\t\r\n\t<div id=\"ngg-image-322\" class=\"ngg-gallery-thumbnail-box\" style=\"width:25%;\" >\r\n\t\t<div class=\"ngg-gallery-thumbnail\" >\r\n\t\t\t<a href=\"https:\/\/i0.wp.com\/www.nmace.com\/blog\/wp-content\/gallery\/territoire_du_nord_australie\/dscn0028.jpg?ssl=1\" title=\" \" class=\"shutterset_set_20\" >\r\n\t\t\t\t\t\t\t\t<img loading=\"lazy\" decoding=\"async\" title=\"dscn0028\" alt=\"dscn0028\" src=\"https:\/\/i0.wp.com\/www.nmace.com\/blog\/wp-content\/gallery\/territoire_du_nord_australie\/thumbs\/thumbs_dscn0028.jpg?resize=100%2C75&#038;ssl=1\" width=\"100\" height=\"75\" data-recalc-dims=\"1\" \/>\r\n\t\t\t\t\t\t\t<\/a>\r\n\t\t<\/div>\r\n\t<\/div>\r\n\t\r\n\t\t\t\t<br style=\"clear: both\" \/>\r\n\t\r\n \t \t\r\n\t<!-- Pagination -->\r\n \t<div class='ngg-navigation'><span class=\"current\">1<\/span><a class=\"page-numbers\" href=\"https:\/\/www.nmace.com\/blog\/territoire-du-nord-northern-territory\/?nggpage=2\">2<\/a><a class=\"next\" id=\"ngg-next-2\" href=\"https:\/\/www.nmace.com\/blog\/territoire-du-nord-northern-territory\/?nggpage=2\">&#9658;<\/a><\/div> \t\r\n<\/div>\r\n\r\n\n","protected":false},"excerpt":{"rendered":"","protected":false},"author":1,"featured_media":0,"parent":0,"menu_order":0,"comment_status":"closed","ping_status":"closed","template":"","meta":{"jetpack_post_was_ever_published":false,"footnotes":""},"jetpack_sharing_enabled":true,"jetpack_shortlink":"https:\/\/wp.me\/P4on3C-tH","jetpack-related-posts":[],"_links":{"self":[{"href":"https:\/\/www.nmace.com\/blog\/wp-json\/wp\/v2\/pages\/1841"}],"collection":[{"href":"https:\/\/www.nmace.com\/blog\/wp-json\/wp\/v2\/pages"}],"about":[{"href":"https:\/\/www.nmace.com\/blog\/wp-json\/wp\/v2\/types\/page"}],"author":[{"embeddable":true,"href":"https:\/\/www.nmace.com\/blog\/wp-json\/wp\/v2\/users\/1"}],"replies":[{"embeddable":true,"href":"https:\/\/www.nmace.com\/blog\/wp-json\/wp\/v2\/comments?post=1841"}],"version-history":[{"count":3,"href":"https:\/\/www.nmace.com\/blog\/wp-json\/wp\/v2\/pages\/1841\/revisions"}],"predecessor-version":[{"id":1848,"href":"https:\/\/www.nmace.com\/blog\/wp-json\/wp\/v2\/pages\/1841\/revisions\/1848"}],"wp:attachment":[{"href":"https:\/\/www.nmace.com\/blog\/wp-json\/wp\/v2\/media?parent=1841"}],"curies":[{"name":"wp","href":"https:\/\/api.w.org\/{rel}","templated":true}]}}