{"id":1797,"date":"2014-09-12T07:11:32","date_gmt":"2014-09-12T07:11:32","guid":{"rendered":"http:\/\/www.nmace.com\/blog\/?page_id=1797"},"modified":"2014-09-17T10:44:08","modified_gmt":"2014-09-17T10:44:08","slug":"australie","status":"publish","type":"page","link":"https:\/\/www.nmace.com\/blog\/australie\/","title":{"rendered":"Australie"},"content":{"rendered":"\r\n<div class=\"ngg-galleryoverview\" id=\"ngg-gallery-19-1797\">\r\n\r\n\r\n\t\r\n\t<!-- Thumbnails -->\r\n\t\t\r\n\t<div id=\"ngg-image-297\" class=\"ngg-gallery-thumbnail-box\" style=\"width:25%;\" >\r\n\t\t<div class=\"ngg-gallery-thumbnail\" >\r\n\t\t\t<a href=\"https:\/\/i0.wp.com\/www.nmace.com\/blog\/wp-content\/gallery\/australie\/dscn0006_1.jpg?ssl=1\" title=\" \" class=\"shutterset_set_19\" >\r\n\t\t\t\t\t\t\t\t<img loading=\"lazy\" decoding=\"async\" title=\"dscn0006_1\" alt=\"dscn0006_1\" src=\"https:\/\/i0.wp.com\/www.nmace.com\/blog\/wp-content\/gallery\/australie\/thumbs\/thumbs_dscn0006_1.jpg?resize=100%2C75&#038;ssl=1\" width=\"100\" height=\"75\" data-recalc-dims=\"1\" \/>\r\n\t\t\t\t\t\t\t<\/a>\r\n\t\t<\/div>\r\n\t<\/div>\r\n\t\r\n\t\t\r\n \t\t\r\n\t<div id=\"ngg-image-316\" class=\"ngg-gallery-thumbnail-box\" style=\"width:25%;\" >\r\n\t\t<div class=\"ngg-gallery-thumbnail\" >\r\n\t\t\t<a href=\"https:\/\/i0.wp.com\/www.nmace.com\/blog\/wp-content\/gallery\/australie\/dscn0069.jpg?ssl=1\" title=\" \" class=\"shutterset_set_19\" >\r\n\t\t\t\t\t\t\t\t<img loading=\"lazy\" decoding=\"async\" title=\"dscn0069\" alt=\"dscn0069\" src=\"https:\/\/i0.wp.com\/www.nmace.com\/blog\/wp-content\/gallery\/australie\/thumbs\/thumbs_dscn0069.jpg?resize=100%2C75&#038;ssl=1\" width=\"100\" height=\"75\" data-recalc-dims=\"1\" \/>\r\n\t\t\t\t\t\t\t<\/a>\r\n\t\t<\/div>\r\n\t<\/div>\r\n\t\r\n\t\t\r\n \t\t\r\n\t<div id=\"ngg-image-315\" class=\"ngg-gallery-thumbnail-box\" style=\"width:25%;\" >\r\n\t\t<div class=\"ngg-gallery-thumbnail\" >\r\n\t\t\t<a href=\"https:\/\/i0.wp.com\/www.nmace.com\/blog\/wp-content\/gallery\/australie\/dscn0088.jpg?ssl=1\" title=\" \" class=\"shutterset_set_19\" >\r\n\t\t\t\t\t\t\t\t<img loading=\"lazy\" decoding=\"async\" title=\"dscn0088\" alt=\"dscn0088\" src=\"https:\/\/i0.wp.com\/www.nmace.com\/blog\/wp-content\/gallery\/australie\/thumbs\/thumbs_dscn0088.jpg?resize=100%2C75&#038;ssl=1\" width=\"100\" height=\"75\" data-recalc-dims=\"1\" \/>\r\n\t\t\t\t\t\t\t<\/a>\r\n\t\t<\/div>\r\n\t<\/div>\r\n\t\r\n\t\t\r\n \t\t\r\n\t<div id=\"ngg-image-314\" class=\"ngg-gallery-thumbnail-box\" style=\"width:25%;\" >\r\n\t\t<div class=\"ngg-gallery-thumbnail\" >\r\n\t\t\t<a href=\"https:\/\/i0.wp.com\/www.nmace.com\/blog\/wp-content\/gallery\/australie\/dscn0109.jpg?ssl=1\" title=\"Bivouac sur la route vers Coober Peddy. En plein d\u00e9sert Australien.\" class=\"shutterset_set_19\" >\r\n\t\t\t\t\t\t\t\t<img loading=\"lazy\" decoding=\"async\" title=\"dscn0109\" alt=\"dscn0109\" src=\"https:\/\/i0.wp.com\/www.nmace.com\/blog\/wp-content\/gallery\/australie\/thumbs\/thumbs_dscn0109.jpg?resize=100%2C75&#038;ssl=1\" width=\"100\" height=\"75\" data-recalc-dims=\"1\" \/>\r\n\t\t\t\t\t\t\t<\/a>\r\n\t\t<\/div>\r\n\t<\/div>\r\n\t\r\n\t\t\t\t<br style=\"clear: both\" \/>\r\n\t\r\n \t\t\r\n\t<div id=\"ngg-image-313\" class=\"ngg-gallery-thumbnail-box\" style=\"width:25%;\" >\r\n\t\t<div class=\"ngg-gallery-thumbnail\" >\r\n\t\t\t<a href=\"https:\/\/i0.wp.com\/www.nmace.com\/blog\/wp-content\/gallery\/australie\/dscn0100.jpg?ssl=1\" title=\"Route vers Coober Peddy, lev\u00e9e \u00e0 5h00 du matin pour la fra\u00eecheur et le vent !\" class=\"shutterset_set_19\" >\r\n\t\t\t\t\t\t\t\t<img loading=\"lazy\" decoding=\"async\" title=\"dscn0100\" alt=\"dscn0100\" src=\"https:\/\/i0.wp.com\/www.nmace.com\/blog\/wp-content\/gallery\/australie\/thumbs\/thumbs_dscn0100.jpg?resize=100%2C75&#038;ssl=1\" width=\"100\" height=\"75\" data-recalc-dims=\"1\" \/>\r\n\t\t\t\t\t\t\t<\/a>\r\n\t\t<\/div>\r\n\t<\/div>\r\n\t\r\n\t\t\r\n \t\t\r\n\t<div id=\"ngg-image-312\" class=\"ngg-gallery-thumbnail-box\" style=\"width:25%;\" >\r\n\t\t<div class=\"ngg-gallery-thumbnail\" >\r\n\t\t\t<a href=\"https:\/\/i0.wp.com\/www.nmace.com\/blog\/wp-content\/gallery\/australie\/dscn0099.jpg?ssl=1\" title=\" \" class=\"shutterset_set_19\" >\r\n\t\t\t\t\t\t\t\t<img loading=\"lazy\" decoding=\"async\" title=\"dscn0099\" alt=\"dscn0099\" src=\"https:\/\/i0.wp.com\/www.nmace.com\/blog\/wp-content\/gallery\/australie\/thumbs\/thumbs_dscn0099.jpg?resize=100%2C75&#038;ssl=1\" width=\"100\" height=\"75\" data-recalc-dims=\"1\" \/>\r\n\t\t\t\t\t\t\t<\/a>\r\n\t\t<\/div>\r\n\t<\/div>\r\n\t\r\n\t\t\r\n \t\t\r\n\t<div id=\"ngg-image-311\" class=\"ngg-gallery-thumbnail-box\" style=\"width:25%;\" >\r\n\t\t<div class=\"ngg-gallery-thumbnail\" >\r\n\t\t\t<a href=\"https:\/\/i0.wp.com\/www.nmace.com\/blog\/wp-content\/gallery\/australie\/dscn0096.jpg?ssl=1\" title=\"Un invit\u00e9.\" class=\"shutterset_set_19\" >\r\n\t\t\t\t\t\t\t\t<img loading=\"lazy\" decoding=\"async\" title=\"dscn0096\" alt=\"dscn0096\" src=\"https:\/\/i0.wp.com\/www.nmace.com\/blog\/wp-content\/gallery\/australie\/thumbs\/thumbs_dscn0096.jpg?resize=100%2C75&#038;ssl=1\" width=\"100\" height=\"75\" data-recalc-dims=\"1\" \/>\r\n\t\t\t\t\t\t\t<\/a>\r\n\t\t<\/div>\r\n\t<\/div>\r\n\t\r\n\t\t\r\n \t\t\r\n\t<div id=\"ngg-image-310\" class=\"ngg-gallery-thumbnail-box\" style=\"width:25%;\" >\r\n\t\t<div class=\"ngg-gallery-thumbnail\" >\r\n\t\t\t<a href=\"https:\/\/i0.wp.com\/www.nmace.com\/blog\/wp-content\/gallery\/australie\/dscn0094.jpg?ssl=1\" title=\"Petit village de William Creek, avec 6 habitants.\" class=\"shutterset_set_19\" >\r\n\t\t\t\t\t\t\t\t<img loading=\"lazy\" decoding=\"async\" title=\"dscn0094\" alt=\"dscn0094\" src=\"https:\/\/i0.wp.com\/www.nmace.com\/blog\/wp-content\/gallery\/australie\/thumbs\/thumbs_dscn0094.jpg?resize=100%2C75&#038;ssl=1\" width=\"100\" height=\"75\" data-recalc-dims=\"1\" \/>\r\n\t\t\t\t\t\t\t<\/a>\r\n\t\t<\/div>\r\n\t<\/div>\r\n\t\r\n\t\t\t\t<br style=\"clear: both\" \/>\r\n\t\r\n \t\t\r\n\t<div id=\"ngg-image-306\" class=\"ngg-gallery-thumbnail-box\" style=\"width:25%;\" >\r\n\t\t<div class=\"ngg-gallery-thumbnail\" >\r\n\t\t\t<a href=\"https:\/\/i0.wp.com\/www.nmace.com\/blog\/wp-content\/gallery\/australie\/dscn0053.jpg?ssl=1\" title=\"Flinders Ranges\" class=\"shutterset_set_19\" >\r\n\t\t\t\t\t\t\t\t<img loading=\"lazy\" decoding=\"async\" title=\"dscn0053\" alt=\"dscn0053\" src=\"https:\/\/i0.wp.com\/www.nmace.com\/blog\/wp-content\/gallery\/australie\/thumbs\/thumbs_dscn0053.jpg?resize=100%2C75&#038;ssl=1\" width=\"100\" height=\"75\" data-recalc-dims=\"1\" \/>\r\n\t\t\t\t\t\t\t<\/a>\r\n\t\t<\/div>\r\n\t<\/div>\r\n\t\r\n\t\t\r\n \t\t\r\n\t<div id=\"ngg-image-307\" class=\"ngg-gallery-thumbnail-box\" style=\"width:25%;\" >\r\n\t\t<div class=\"ngg-gallery-thumbnail\" >\r\n\t\t\t<a href=\"https:\/\/i0.wp.com\/www.nmace.com\/blog\/wp-content\/gallery\/australie\/dscn0054.jpg?ssl=1\" title=\"Flinders Ranges\" class=\"shutterset_set_19\" >\r\n\t\t\t\t\t\t\t\t<img loading=\"lazy\" decoding=\"async\" title=\"dscn0054\" alt=\"dscn0054\" src=\"https:\/\/i0.wp.com\/www.nmace.com\/blog\/wp-content\/gallery\/australie\/thumbs\/thumbs_dscn0054.jpg?resize=100%2C75&#038;ssl=1\" width=\"100\" height=\"75\" data-recalc-dims=\"1\" \/>\r\n\t\t\t\t\t\t\t<\/a>\r\n\t\t<\/div>\r\n\t<\/div>\r\n\t\r\n\t\t\r\n \t\t\r\n\t<div id=\"ngg-image-308\" class=\"ngg-gallery-thumbnail-box\" style=\"width:25%;\" >\r\n\t\t<div class=\"ngg-gallery-thumbnail\" >\r\n\t\t\t<a href=\"https:\/\/i0.wp.com\/www.nmace.com\/blog\/wp-content\/gallery\/australie\/dscn0066.jpg?ssl=1\" title=\"Route vers Williamn Creek\" class=\"shutterset_set_19\" >\r\n\t\t\t\t\t\t\t\t<img loading=\"lazy\" decoding=\"async\" title=\"dscn0066\" alt=\"dscn0066\" src=\"https:\/\/i0.wp.com\/www.nmace.com\/blog\/wp-content\/gallery\/australie\/thumbs\/thumbs_dscn0066.jpg?resize=100%2C75&#038;ssl=1\" width=\"100\" height=\"75\" data-recalc-dims=\"1\" \/>\r\n\t\t\t\t\t\t\t<\/a>\r\n\t\t<\/div>\r\n\t<\/div>\r\n\t\r\n\t\t\r\n \t\t\r\n\t<div id=\"ngg-image-302\" class=\"ngg-gallery-thumbnail-box\" style=\"width:25%;\" >\r\n\t\t<div class=\"ngg-gallery-thumbnail\" >\r\n\t\t\t<a href=\"https:\/\/i0.wp.com\/www.nmace.com\/blog\/wp-content\/gallery\/australie\/dscn0051.jpg?ssl=1\" title=\"Flinders Ranges\" class=\"shutterset_set_19\" >\r\n\t\t\t\t\t\t\t\t<img loading=\"lazy\" decoding=\"async\" title=\"dscn0051\" alt=\"dscn0051\" src=\"https:\/\/i0.wp.com\/www.nmace.com\/blog\/wp-content\/gallery\/australie\/thumbs\/thumbs_dscn0051.jpg?resize=100%2C75&#038;ssl=1\" width=\"100\" height=\"75\" data-recalc-dims=\"1\" \/>\r\n\t\t\t\t\t\t\t<\/a>\r\n\t\t<\/div>\r\n\t<\/div>\r\n\t\r\n\t\t\t\t<br style=\"clear: both\" \/>\r\n\t\r\n \t\t\r\n\t<div id=\"ngg-image-309\" class=\"ngg-gallery-thumbnail-box\" style=\"width:25%;\" >\r\n\t\t<div class=\"ngg-gallery-thumbnail\" >\r\n\t\t\t<a href=\"https:\/\/i0.wp.com\/www.nmace.com\/blog\/wp-content\/gallery\/australie\/dscn0067.jpg?ssl=1\" title=\"Route vers William Creek bien ouverte. En avant pour 207 km de piste.\" class=\"shutterset_set_19\" >\r\n\t\t\t\t\t\t\t\t<img loading=\"lazy\" decoding=\"async\" title=\"dscn0067\" alt=\"dscn0067\" src=\"https:\/\/i0.wp.com\/www.nmace.com\/blog\/wp-content\/gallery\/australie\/thumbs\/thumbs_dscn0067.jpg?resize=100%2C75&#038;ssl=1\" width=\"100\" height=\"75\" data-recalc-dims=\"1\" \/>\r\n\t\t\t\t\t\t\t<\/a>\r\n\t\t<\/div>\r\n\t<\/div>\r\n\t\r\n\t\t\r\n \t\t\r\n\t<div id=\"ngg-image-300\" class=\"ngg-gallery-thumbnail-box\" style=\"width:25%;\" >\r\n\t\t<div class=\"ngg-gallery-thumbnail\" >\r\n\t\t\t<a href=\"https:\/\/i0.wp.com\/www.nmace.com\/blog\/wp-content\/gallery\/australie\/dscn0031.jpg?ssl=1\" title=\"Phoques sur Kangourou Island\" class=\"shutterset_set_19\" >\r\n\t\t\t\t\t\t\t\t<img loading=\"lazy\" decoding=\"async\" title=\"dscn0031\" alt=\"dscn0031\" src=\"https:\/\/i0.wp.com\/www.nmace.com\/blog\/wp-content\/gallery\/australie\/thumbs\/thumbs_dscn0031.jpg?resize=100%2C75&#038;ssl=1\" width=\"100\" height=\"75\" data-recalc-dims=\"1\" \/>\r\n\t\t\t\t\t\t\t<\/a>\r\n\t\t<\/div>\r\n\t<\/div>\r\n\t\r\n\t\t\r\n \t\t\r\n\t<div id=\"ngg-image-299\" class=\"ngg-gallery-thumbnail-box\" style=\"width:25%;\" >\r\n\t\t<div class=\"ngg-gallery-thumbnail\" >\r\n\t\t\t<a href=\"https:\/\/i0.wp.com\/www.nmace.com\/blog\/wp-content\/gallery\/australie\/dscn0011.jpg?ssl=1\" title=\"Kangourou Island, Remarkable Rocks.\" class=\"shutterset_set_19\" >\r\n\t\t\t\t\t\t\t\t<img loading=\"lazy\" decoding=\"async\" title=\"dscn0011\" alt=\"dscn0011\" src=\"https:\/\/i0.wp.com\/www.nmace.com\/blog\/wp-content\/gallery\/australie\/thumbs\/thumbs_dscn0011.jpg?resize=100%2C75&#038;ssl=1\" width=\"100\" height=\"75\" data-recalc-dims=\"1\" \/>\r\n\t\t\t\t\t\t\t<\/a>\r\n\t\t<\/div>\r\n\t<\/div>\r\n\t\r\n\t\t\r\n \t\t\r\n\t<div id=\"ngg-image-298\" class=\"ngg-gallery-thumbnail-box\" style=\"width:25%;\" >\r\n\t\t<div class=\"ngg-gallery-thumbnail\" >\r\n\t\t\t<a href=\"https:\/\/i0.wp.com\/www.nmace.com\/blog\/wp-content\/gallery\/australie\/dscn0028.jpg?ssl=1\" title=\" \" class=\"shutterset_set_19\" >\r\n\t\t\t\t\t\t\t\t<img loading=\"lazy\" decoding=\"async\" title=\"dscn0028\" alt=\"dscn0028\" src=\"https:\/\/i0.wp.com\/www.nmace.com\/blog\/wp-content\/gallery\/australie\/thumbs\/thumbs_dscn0028.jpg?resize=100%2C75&#038;ssl=1\" width=\"100\" height=\"75\" data-recalc-dims=\"1\" \/>\r\n\t\t\t\t\t\t\t<\/a>\r\n\t\t<\/div>\r\n\t<\/div>\r\n\t\r\n\t\t\t\t<br style=\"clear: both\" \/>\r\n\t\r\n \t\t\r\n\t<div id=\"ngg-image-283\" class=\"ngg-gallery-thumbnail-box\" style=\"width:25%;\" >\r\n\t\t<div class=\"ngg-gallery-thumbnail\" >\r\n\t\t\t<a href=\"https:\/\/i0.wp.com\/www.nmace.com\/blog\/wp-content\/gallery\/australie\/dscn0003.jpg?ssl=1\" title=\"Ville de Melbourne.\" class=\"shutterset_set_19\" >\r\n\t\t\t\t\t\t\t\t<img loading=\"lazy\" decoding=\"async\" title=\"dscn0003\" alt=\"dscn0003\" src=\"https:\/\/i0.wp.com\/www.nmace.com\/blog\/wp-content\/gallery\/australie\/thumbs\/thumbs_dscn0003.jpg?resize=100%2C75&#038;ssl=1\" width=\"100\" height=\"75\" data-recalc-dims=\"1\" \/>\r\n\t\t\t\t\t\t\t<\/a>\r\n\t\t<\/div>\r\n\t<\/div>\r\n\t\r\n\t\t\r\n \t\t\r\n\t<div id=\"ngg-image-296\" class=\"ngg-gallery-thumbnail-box\" style=\"width:25%;\" >\r\n\t\t<div class=\"ngg-gallery-thumbnail\" >\r\n\t\t\t<a href=\"https:\/\/i0.wp.com\/www.nmace.com\/blog\/wp-content\/gallery\/australie\/dscn0022.jpg?ssl=1\" title=\" \" class=\"shutterset_set_19\" >\r\n\t\t\t\t\t\t\t\t<img loading=\"lazy\" decoding=\"async\" title=\"dscn0022\" alt=\"dscn0022\" src=\"https:\/\/i0.wp.com\/www.nmace.com\/blog\/wp-content\/gallery\/australie\/thumbs\/thumbs_dscn0022.jpg?resize=100%2C75&#038;ssl=1\" width=\"100\" height=\"75\" data-recalc-dims=\"1\" \/>\r\n\t\t\t\t\t\t\t<\/a>\r\n\t\t<\/div>\r\n\t<\/div>\r\n\t\r\n\t\t\r\n \t\t\r\n\t<div id=\"ngg-image-295\" class=\"ngg-gallery-thumbnail-box\" style=\"width:25%;\" >\r\n\t\t<div class=\"ngg-gallery-thumbnail\" >\r\n\t\t\t<a href=\"https:\/\/i0.wp.com\/www.nmace.com\/blog\/wp-content\/gallery\/australie\/dscn0017.jpg?ssl=1\" title=\" \" class=\"shutterset_set_19\" >\r\n\t\t\t\t\t\t\t\t<img loading=\"lazy\" decoding=\"async\" title=\"dscn0017\" alt=\"dscn0017\" src=\"https:\/\/i0.wp.com\/www.nmace.com\/blog\/wp-content\/gallery\/australie\/thumbs\/thumbs_dscn0017.jpg?resize=100%2C75&#038;ssl=1\" width=\"100\" height=\"75\" data-recalc-dims=\"1\" \/>\r\n\t\t\t\t\t\t\t<\/a>\r\n\t\t<\/div>\r\n\t<\/div>\r\n\t\r\n\t\t\r\n \t\t\r\n\t<div id=\"ngg-image-294\" class=\"ngg-gallery-thumbnail-box\" style=\"width:25%;\" >\r\n\t\t<div class=\"ngg-gallery-thumbnail\" >\r\n\t\t\t<a href=\"https:\/\/i0.wp.com\/www.nmace.com\/blog\/wp-content\/gallery\/australie\/dscn0033.jpg?ssl=1\" title=\"Great Ocean Road\" class=\"shutterset_set_19\" >\r\n\t\t\t\t\t\t\t\t<img loading=\"lazy\" decoding=\"async\" title=\"dscn0033\" alt=\"dscn0033\" src=\"https:\/\/i0.wp.com\/www.nmace.com\/blog\/wp-content\/gallery\/australie\/thumbs\/thumbs_dscn0033.jpg?resize=100%2C75&#038;ssl=1\" width=\"100\" height=\"75\" data-recalc-dims=\"1\" \/>\r\n\t\t\t\t\t\t\t<\/a>\r\n\t\t<\/div>\r\n\t<\/div>\r\n\t\r\n\t\t\t\t<br style=\"clear: both\" \/>\r\n\t\r\n \t \t\r\n\t<!-- Pagination -->\r\n \t<div class='ngg-navigation'><span class=\"current\">1<\/span><a class=\"page-numbers\" href=\"https:\/\/www.nmace.com\/blog\/australie\/?nggpage=2\">2<\/a><a class=\"next\" id=\"ngg-next-2\" href=\"https:\/\/www.nmace.com\/blog\/australie\/?nggpage=2\">&#9658;<\/a><\/div> \t\r\n<\/div>\r\n\r\n\n","protected":false},"excerpt":{"rendered":"","protected":false},"author":1,"featured_media":0,"parent":0,"menu_order":0,"comment_status":"closed","ping_status":"closed","template":"","meta":{"jetpack_post_was_ever_published":false,"footnotes":""},"jetpack_sharing_enabled":true,"jetpack_shortlink":"https:\/\/wp.me\/P4on3C-sZ","jetpack-related-posts":[],"_links":{"self":[{"href":"https:\/\/www.nmace.com\/blog\/wp-json\/wp\/v2\/pages\/1797"}],"collection":[{"href":"https:\/\/www.nmace.com\/blog\/wp-json\/wp\/v2\/pages"}],"about":[{"href":"https:\/\/www.nmace.com\/blog\/wp-json\/wp\/v2\/types\/page"}],"author":[{"embeddable":true,"href":"https:\/\/www.nmace.com\/blog\/wp-json\/wp\/v2\/users\/1"}],"replies":[{"embeddable":true,"href":"https:\/\/www.nmace.com\/blog\/wp-json\/wp\/v2\/comments?post=1797"}],"version-history":[{"count":2,"href":"https:\/\/www.nmace.com\/blog\/wp-json\/wp\/v2\/pages\/1797\/revisions"}],"predecessor-version":[{"id":1806,"href":"https:\/\/www.nmace.com\/blog\/wp-json\/wp\/v2\/pages\/1797\/revisions\/1806"}],"wp:attachment":[{"href":"https:\/\/www.nmace.com\/blog\/wp-json\/wp\/v2\/media?parent=1797"}],"curies":[{"name":"wp","href":"https:\/\/api.w.org\/{rel}","templated":true}]}}