{"id":1707,"date":"2014-08-09T05:55:59","date_gmt":"2014-08-09T05:55:59","guid":{"rendered":"http:\/\/www.nmace.com\/blog\/?page_id=1707"},"modified":"2014-08-09T13:41:24","modified_gmt":"2014-08-09T13:41:24","slug":"mongolie","status":"publish","type":"page","link":"https:\/\/www.nmace.com\/blog\/mongolie\/","title":{"rendered":"Mongolie"},"content":{"rendered":"\r\n<div class=\"ngg-galleryoverview\" id=\"ngg-gallery-17-1707\">\r\n\r\n\r\n\t\r\n\t<!-- Thumbnails -->\r\n\t\t\r\n\t<div id=\"ngg-image-223\" class=\"ngg-gallery-thumbnail-box\" style=\"width:25%;\" >\r\n\t\t<div class=\"ngg-gallery-thumbnail\" >\r\n\t\t\t<a href=\"https:\/\/i0.wp.com\/www.nmace.com\/blog\/wp-content\/gallery\/mongolie\/dscn0041.jpg?ssl=1\" title=\"Place Sukhe-Bator \u00e0 Oulan-bator.\" class=\"shutterset_set_17\" >\r\n\t\t\t\t\t\t\t\t<img loading=\"lazy\" decoding=\"async\" title=\"dscn0041\" alt=\"dscn0041\" src=\"https:\/\/i0.wp.com\/www.nmace.com\/blog\/wp-content\/gallery\/mongolie\/thumbs\/thumbs_dscn0041.jpg?resize=100%2C75&#038;ssl=1\" width=\"100\" height=\"75\" data-recalc-dims=\"1\" \/>\r\n\t\t\t\t\t\t\t<\/a>\r\n\t\t<\/div>\r\n\t<\/div>\r\n\t\r\n\t\t\r\n \t\t\r\n\t<div id=\"ngg-image-235\" class=\"ngg-gallery-thumbnail-box\" style=\"width:25%;\" >\r\n\t\t<div class=\"ngg-gallery-thumbnail\" >\r\n\t\t\t<a href=\"https:\/\/i0.wp.com\/www.nmace.com\/blog\/wp-content\/gallery\/mongolie\/dscn0096.jpg?ssl=1\" title=\"D\u00e9sert de Gobi.\" class=\"shutterset_set_17\" >\r\n\t\t\t\t\t\t\t\t<img loading=\"lazy\" decoding=\"async\" title=\"dscn0096\" alt=\"dscn0096\" src=\"https:\/\/i0.wp.com\/www.nmace.com\/blog\/wp-content\/gallery\/mongolie\/thumbs\/thumbs_dscn0096.jpg?resize=100%2C75&#038;ssl=1\" width=\"100\" height=\"75\" data-recalc-dims=\"1\" \/>\r\n\t\t\t\t\t\t\t<\/a>\r\n\t\t<\/div>\r\n\t<\/div>\r\n\t\r\n\t\t\r\n \t\t\r\n\t<div id=\"ngg-image-234\" class=\"ngg-gallery-thumbnail-box\" style=\"width:25%;\" >\r\n\t\t<div class=\"ngg-gallery-thumbnail\" >\r\n\t\t\t<a href=\"https:\/\/i0.wp.com\/www.nmace.com\/blog\/wp-content\/gallery\/mongolie\/dscn0094.jpg?ssl=1\" title=\"Route dans le d\u00e9sert de Gobi.\" class=\"shutterset_set_17\" >\r\n\t\t\t\t\t\t\t\t<img loading=\"lazy\" decoding=\"async\" title=\"dscn0094\" alt=\"dscn0094\" src=\"https:\/\/i0.wp.com\/www.nmace.com\/blog\/wp-content\/gallery\/mongolie\/thumbs\/thumbs_dscn0094.jpg?resize=100%2C75&#038;ssl=1\" width=\"100\" height=\"75\" data-recalc-dims=\"1\" \/>\r\n\t\t\t\t\t\t\t<\/a>\r\n\t\t<\/div>\r\n\t<\/div>\r\n\t\r\n\t\t\r\n \t\t\r\n\t<div id=\"ngg-image-233\" class=\"ngg-gallery-thumbnail-box\" style=\"width:25%;\" >\r\n\t\t<div class=\"ngg-gallery-thumbnail\" >\r\n\t\t\t<a href=\"https:\/\/i0.wp.com\/www.nmace.com\/blog\/wp-content\/gallery\/mongolie\/dscn0090.jpg?ssl=1\" title=\"D\u00e9sert de Gobi.\" class=\"shutterset_set_17\" >\r\n\t\t\t\t\t\t\t\t<img loading=\"lazy\" decoding=\"async\" title=\"dscn0090\" alt=\"dscn0090\" src=\"https:\/\/i0.wp.com\/www.nmace.com\/blog\/wp-content\/gallery\/mongolie\/thumbs\/thumbs_dscn0090.jpg?resize=100%2C75&#038;ssl=1\" width=\"100\" height=\"75\" data-recalc-dims=\"1\" \/>\r\n\t\t\t\t\t\t\t<\/a>\r\n\t\t<\/div>\r\n\t<\/div>\r\n\t\r\n\t\t\t\t<br style=\"clear: both\" \/>\r\n\t\r\n \t\t\r\n\t<div id=\"ngg-image-232\" class=\"ngg-gallery-thumbnail-box\" style=\"width:25%;\" >\r\n\t\t<div class=\"ngg-gallery-thumbnail\" >\r\n\t\t\t<a href=\"https:\/\/i0.wp.com\/www.nmace.com\/blog\/wp-content\/gallery\/mongolie\/dscn0067.jpg?ssl=1\" title=\"D\u00e9sert de Gobi.\" class=\"shutterset_set_17\" >\r\n\t\t\t\t\t\t\t\t<img loading=\"lazy\" decoding=\"async\" title=\"dscn0067\" alt=\"dscn0067\" src=\"https:\/\/i0.wp.com\/www.nmace.com\/blog\/wp-content\/gallery\/mongolie\/thumbs\/thumbs_dscn0067.jpg?resize=100%2C75&#038;ssl=1\" width=\"100\" height=\"75\" data-recalc-dims=\"1\" \/>\r\n\t\t\t\t\t\t\t<\/a>\r\n\t\t<\/div>\r\n\t<\/div>\r\n\t\r\n\t\t\r\n \t\t\r\n\t<div id=\"ngg-image-231\" class=\"ngg-gallery-thumbnail-box\" style=\"width:25%;\" >\r\n\t\t<div class=\"ngg-gallery-thumbnail\" >\r\n\t\t\t<a href=\"https:\/\/i0.wp.com\/www.nmace.com\/blog\/wp-content\/gallery\/mongolie\/dscn0065.jpg?ssl=1\" title=\"D\u00e9sert de Gobi.\" class=\"shutterset_set_17\" >\r\n\t\t\t\t\t\t\t\t<img loading=\"lazy\" decoding=\"async\" title=\"dscn0065\" alt=\"dscn0065\" src=\"https:\/\/i0.wp.com\/www.nmace.com\/blog\/wp-content\/gallery\/mongolie\/thumbs\/thumbs_dscn0065.jpg?resize=100%2C75&#038;ssl=1\" width=\"100\" height=\"75\" data-recalc-dims=\"1\" \/>\r\n\t\t\t\t\t\t\t<\/a>\r\n\t\t<\/div>\r\n\t<\/div>\r\n\t\r\n\t\t\r\n \t\t\r\n\t<div id=\"ngg-image-230\" class=\"ngg-gallery-thumbnail-box\" style=\"width:25%;\" >\r\n\t\t<div class=\"ngg-gallery-thumbnail\" >\r\n\t\t\t<a href=\"https:\/\/i0.wp.com\/www.nmace.com\/blog\/wp-content\/gallery\/mongolie\/dscn0047.jpg?ssl=1\" title=\"Monast\u00e8re de Khamar dans le d\u00e9sert de Gobi.\" class=\"shutterset_set_17\" >\r\n\t\t\t\t\t\t\t\t<img loading=\"lazy\" decoding=\"async\" title=\"dscn0047\" alt=\"dscn0047\" src=\"https:\/\/i0.wp.com\/www.nmace.com\/blog\/wp-content\/gallery\/mongolie\/thumbs\/thumbs_dscn0047.jpg?resize=100%2C75&#038;ssl=1\" width=\"100\" height=\"75\" data-recalc-dims=\"1\" \/>\r\n\t\t\t\t\t\t\t<\/a>\r\n\t\t<\/div>\r\n\t<\/div>\r\n\t\r\n\t\t\r\n \t\t\r\n\t<div id=\"ngg-image-229\" class=\"ngg-gallery-thumbnail-box\" style=\"width:25%;\" >\r\n\t\t<div class=\"ngg-gallery-thumbnail\" >\r\n\t\t\t<a href=\"https:\/\/i0.wp.com\/www.nmace.com\/blog\/wp-content\/gallery\/mongolie\/dscn0024_0.jpg?ssl=1\" title=\"Monast\u00e8re de Khamar dans le d\u00e9sert de Gobi.\" class=\"shutterset_set_17\" >\r\n\t\t\t\t\t\t\t\t<img loading=\"lazy\" decoding=\"async\" title=\"dscn0024_0\" alt=\"dscn0024_0\" src=\"https:\/\/i0.wp.com\/www.nmace.com\/blog\/wp-content\/gallery\/mongolie\/thumbs\/thumbs_dscn0024_0.jpg?resize=100%2C75&#038;ssl=1\" width=\"100\" height=\"75\" data-recalc-dims=\"1\" \/>\r\n\t\t\t\t\t\t\t<\/a>\r\n\t\t<\/div>\r\n\t<\/div>\r\n\t\r\n\t\t\t\t<br style=\"clear: both\" \/>\r\n\t\r\n \t\t\r\n\t<div id=\"ngg-image-228\" class=\"ngg-gallery-thumbnail-box\" style=\"width:25%;\" >\r\n\t\t<div class=\"ngg-gallery-thumbnail\" >\r\n\t\t\t<a href=\"https:\/\/i0.wp.com\/www.nmace.com\/blog\/wp-content\/gallery\/mongolie\/dscn0001_0.jpg?ssl=1\" title=\"Monast\u00e8re de Khamar dans le d\u00e9sert de Gobi.\" class=\"shutterset_set_17\" >\r\n\t\t\t\t\t\t\t\t<img loading=\"lazy\" decoding=\"async\" title=\"dscn0001_0\" alt=\"dscn0001_0\" src=\"https:\/\/i0.wp.com\/www.nmace.com\/blog\/wp-content\/gallery\/mongolie\/thumbs\/thumbs_dscn0001_0.jpg?resize=100%2C75&#038;ssl=1\" width=\"100\" height=\"75\" data-recalc-dims=\"1\" \/>\r\n\t\t\t\t\t\t\t<\/a>\r\n\t\t<\/div>\r\n\t<\/div>\r\n\t\r\n\t\t\r\n \t\t\r\n\t<div id=\"ngg-image-227\" class=\"ngg-gallery-thumbnail-box\" style=\"width:25%;\" >\r\n\t\t<div class=\"ngg-gallery-thumbnail\" >\r\n\t\t\t<a href=\"https:\/\/i0.wp.com\/www.nmace.com\/blog\/wp-content\/gallery\/mongolie\/dscn0122.jpg?ssl=1\" title=\"Oulan-Bator\" class=\"shutterset_set_17\" >\r\n\t\t\t\t\t\t\t\t<img loading=\"lazy\" decoding=\"async\" title=\"dscn0122\" alt=\"dscn0122\" src=\"https:\/\/i0.wp.com\/www.nmace.com\/blog\/wp-content\/gallery\/mongolie\/thumbs\/thumbs_dscn0122.jpg?resize=100%2C75&#038;ssl=1\" width=\"100\" height=\"75\" data-recalc-dims=\"1\" \/>\r\n\t\t\t\t\t\t\t<\/a>\r\n\t\t<\/div>\r\n\t<\/div>\r\n\t\r\n\t\t\r\n \t\t\r\n\t<div id=\"ngg-image-226\" class=\"ngg-gallery-thumbnail-box\" style=\"width:25%;\" >\r\n\t\t<div class=\"ngg-gallery-thumbnail\" >\r\n\t\t\t<a href=\"https:\/\/i0.wp.com\/www.nmace.com\/blog\/wp-content\/gallery\/mongolie\/dscn0120.jpg?ssl=1\" title=\"Magasin d'\u00e9tat \u00e0 Oulan-Bator.\" class=\"shutterset_set_17\" >\r\n\t\t\t\t\t\t\t\t<img loading=\"lazy\" decoding=\"async\" title=\"dscn0120\" alt=\"dscn0120\" src=\"https:\/\/i0.wp.com\/www.nmace.com\/blog\/wp-content\/gallery\/mongolie\/thumbs\/thumbs_dscn0120.jpg?resize=100%2C75&#038;ssl=1\" width=\"100\" height=\"75\" data-recalc-dims=\"1\" \/>\r\n\t\t\t\t\t\t\t<\/a>\r\n\t\t<\/div>\r\n\t<\/div>\r\n\t\r\n\t\t\r\n \t\t\r\n\t<div id=\"ngg-image-225\" class=\"ngg-gallery-thumbnail-box\" style=\"width:25%;\" >\r\n\t\t<div class=\"ngg-gallery-thumbnail\" >\r\n\t\t\t<a href=\"https:\/\/i0.wp.com\/www.nmace.com\/blog\/wp-content\/gallery\/mongolie\/dscn0119.jpg?ssl=1\" title=\"Rue \u00e0 Oulan-Bator, capital de la Mongolie.\" class=\"shutterset_set_17\" >\r\n\t\t\t\t\t\t\t\t<img loading=\"lazy\" decoding=\"async\" title=\"dscn0119\" alt=\"dscn0119\" src=\"https:\/\/i0.wp.com\/www.nmace.com\/blog\/wp-content\/gallery\/mongolie\/thumbs\/thumbs_dscn0119.jpg?resize=100%2C75&#038;ssl=1\" width=\"100\" height=\"75\" data-recalc-dims=\"1\" \/>\r\n\t\t\t\t\t\t\t<\/a>\r\n\t\t<\/div>\r\n\t<\/div>\r\n\t\r\n\t\t\t\t<br style=\"clear: both\" \/>\r\n\t\r\n \t\t\r\n\t<div id=\"ngg-image-224\" class=\"ngg-gallery-thumbnail-box\" style=\"width:25%;\" >\r\n\t\t<div class=\"ngg-gallery-thumbnail\" >\r\n\t\t\t<a href=\"https:\/\/i0.wp.com\/www.nmace.com\/blog\/wp-content\/gallery\/mongolie\/dscn0044.jpg?ssl=1\" title=\"Soyombo est le symbole national de la Mongolie. Caract\u00e8re sp\u00e9cial de l'\u00e9criture Soyombo.\" class=\"shutterset_set_17\" >\r\n\t\t\t\t\t\t\t\t<img loading=\"lazy\" decoding=\"async\" title=\"dscn0044\" alt=\"dscn0044\" src=\"https:\/\/i0.wp.com\/www.nmace.com\/blog\/wp-content\/gallery\/mongolie\/thumbs\/thumbs_dscn0044.jpg?resize=100%2C75&#038;ssl=1\" width=\"100\" height=\"75\" data-recalc-dims=\"1\" \/>\r\n\t\t\t\t\t\t\t<\/a>\r\n\t\t<\/div>\r\n\t<\/div>\r\n\t\r\n\t\t\r\n \t\t\r\n\t<div id=\"ngg-image-210\" class=\"ngg-gallery-thumbnail-box\" style=\"width:25%;\" >\r\n\t\t<div class=\"ngg-gallery-thumbnail\" >\r\n\t\t\t<a href=\"https:\/\/i0.wp.com\/www.nmace.com\/blog\/wp-content\/gallery\/mongolie\/dscn0001.jpg?ssl=1\" title=\"Sur la route vers Oulan-bator\" class=\"shutterset_set_17\" >\r\n\t\t\t\t\t\t\t\t<img loading=\"lazy\" decoding=\"async\" title=\"dscn0001\" alt=\"dscn0001\" src=\"https:\/\/i0.wp.com\/www.nmace.com\/blog\/wp-content\/gallery\/mongolie\/thumbs\/thumbs_dscn0001.jpg?resize=100%2C75&#038;ssl=1\" width=\"100\" height=\"75\" data-recalc-dims=\"1\" \/>\r\n\t\t\t\t\t\t\t<\/a>\r\n\t\t<\/div>\r\n\t<\/div>\r\n\t\r\n\t\t\r\n \t\t\r\n\t<div id=\"ngg-image-222\" class=\"ngg-gallery-thumbnail-box\" style=\"width:25%;\" >\r\n\t\t<div class=\"ngg-gallery-thumbnail\" >\r\n\t\t\t<a href=\"https:\/\/i0.wp.com\/www.nmace.com\/blog\/wp-content\/gallery\/mongolie\/dscn0045.jpg?ssl=1\" title=\" \" class=\"shutterset_set_17\" >\r\n\t\t\t\t\t\t\t\t<img loading=\"lazy\" decoding=\"async\" title=\"dscn0045\" alt=\"dscn0045\" src=\"https:\/\/i0.wp.com\/www.nmace.com\/blog\/wp-content\/gallery\/mongolie\/thumbs\/thumbs_dscn0045.jpg?resize=100%2C75&#038;ssl=1\" width=\"100\" height=\"75\" data-recalc-dims=\"1\" \/>\r\n\t\t\t\t\t\t\t<\/a>\r\n\t\t<\/div>\r\n\t<\/div>\r\n\t\r\n\t\t\r\n \t\t\r\n\t<div id=\"ngg-image-221\" class=\"ngg-gallery-thumbnail-box\" style=\"width:25%;\" >\r\n\t\t<div class=\"ngg-gallery-thumbnail\" >\r\n\t\t\t<a href=\"https:\/\/i0.wp.com\/www.nmace.com\/blog\/wp-content\/gallery\/mongolie\/dscn0040.jpg?ssl=1\" title=\"Place Sukhe-Bator \u00e0 Oulan-bator.\" class=\"shutterset_set_17\" >\r\n\t\t\t\t\t\t\t\t<img loading=\"lazy\" decoding=\"async\" title=\"dscn0040\" alt=\"dscn0040\" src=\"https:\/\/i0.wp.com\/www.nmace.com\/blog\/wp-content\/gallery\/mongolie\/thumbs\/thumbs_dscn0040.jpg?resize=100%2C75&#038;ssl=1\" width=\"100\" height=\"75\" data-recalc-dims=\"1\" \/>\r\n\t\t\t\t\t\t\t<\/a>\r\n\t\t<\/div>\r\n\t<\/div>\r\n\t\r\n\t\t\t\t<br style=\"clear: both\" \/>\r\n\t\r\n \t\t\r\n\t<div id=\"ngg-image-220\" class=\"ngg-gallery-thumbnail-box\" style=\"width:25%;\" >\r\n\t\t<div class=\"ngg-gallery-thumbnail\" >\r\n\t\t\t<a href=\"https:\/\/i0.wp.com\/www.nmace.com\/blog\/wp-content\/gallery\/mongolie\/dscn0039.jpg?ssl=1\" title=\"Place Sukhe-Bator \u00e0 Oulan-bator.\" class=\"shutterset_set_17\" >\r\n\t\t\t\t\t\t\t\t<img loading=\"lazy\" decoding=\"async\" title=\"dscn0039\" alt=\"dscn0039\" src=\"https:\/\/i0.wp.com\/www.nmace.com\/blog\/wp-content\/gallery\/mongolie\/thumbs\/thumbs_dscn0039.jpg?resize=100%2C75&#038;ssl=1\" width=\"100\" height=\"75\" data-recalc-dims=\"1\" \/>\r\n\t\t\t\t\t\t\t<\/a>\r\n\t\t<\/div>\r\n\t<\/div>\r\n\t\r\n\t\t\r\n \t\t\r\n\t<div id=\"ngg-image-219\" class=\"ngg-gallery-thumbnail-box\" style=\"width:25%;\" >\r\n\t\t<div class=\"ngg-gallery-thumbnail\" >\r\n\t\t\t<a href=\"https:\/\/i0.wp.com\/www.nmace.com\/blog\/wp-content\/gallery\/mongolie\/dscn0037.jpg?ssl=1\" title=\"Place Sukhe-Bator \u00e0 Oulan-bator, capital de la Mongolie.\" class=\"shutterset_set_17\" >\r\n\t\t\t\t\t\t\t\t<img loading=\"lazy\" decoding=\"async\" title=\"dscn0037\" alt=\"dscn0037\" src=\"https:\/\/i0.wp.com\/www.nmace.com\/blog\/wp-content\/gallery\/mongolie\/thumbs\/thumbs_dscn0037.jpg?resize=100%2C75&#038;ssl=1\" width=\"100\" height=\"75\" data-recalc-dims=\"1\" \/>\r\n\t\t\t\t\t\t\t<\/a>\r\n\t\t<\/div>\r\n\t<\/div>\r\n\t\r\n\t\t\r\n \t\t\r\n\t<div id=\"ngg-image-218\" class=\"ngg-gallery-thumbnail-box\" style=\"width:25%;\" >\r\n\t\t<div class=\"ngg-gallery-thumbnail\" >\r\n\t\t\t<a href=\"https:\/\/i0.wp.com\/www.nmace.com\/blog\/wp-content\/gallery\/mongolie\/dscn0036.jpg?ssl=1\" title=\"Statue Bouddhisme pr\u00e8s de Oulan-Bator.\" class=\"shutterset_set_17\" >\r\n\t\t\t\t\t\t\t\t<img loading=\"lazy\" decoding=\"async\" title=\"dscn0036\" alt=\"dscn0036\" src=\"https:\/\/i0.wp.com\/www.nmace.com\/blog\/wp-content\/gallery\/mongolie\/thumbs\/thumbs_dscn0036.jpg?resize=100%2C75&#038;ssl=1\" width=\"100\" height=\"75\" data-recalc-dims=\"1\" \/>\r\n\t\t\t\t\t\t\t<\/a>\r\n\t\t<\/div>\r\n\t<\/div>\r\n\t\r\n\t\t\r\n \t\t\r\n\t<div id=\"ngg-image-217\" class=\"ngg-gallery-thumbnail-box\" style=\"width:25%;\" >\r\n\t\t<div class=\"ngg-gallery-thumbnail\" >\r\n\t\t\t<a href=\"https:\/\/i0.wp.com\/www.nmace.com\/blog\/wp-content\/gallery\/mongolie\/dscn0033.jpg?ssl=1\" title=\"Nomade Mongol sans selle sur un cheval typiquement de Mongolie.\" class=\"shutterset_set_17\" >\r\n\t\t\t\t\t\t\t\t<img loading=\"lazy\" decoding=\"async\" title=\"dscn0033\" alt=\"dscn0033\" src=\"https:\/\/i0.wp.com\/www.nmace.com\/blog\/wp-content\/gallery\/mongolie\/thumbs\/thumbs_dscn0033.jpg?resize=100%2C75&#038;ssl=1\" width=\"100\" height=\"75\" data-recalc-dims=\"1\" \/>\r\n\t\t\t\t\t\t\t<\/a>\r\n\t\t<\/div>\r\n\t<\/div>\r\n\t\r\n\t\t\t\t<br style=\"clear: both\" \/>\r\n\t\r\n \t \t\r\n\t<!-- Pagination -->\r\n \t<div class='ngg-navigation'><span class=\"current\">1<\/span><a class=\"page-numbers\" href=\"https:\/\/www.nmace.com\/blog\/mongolie\/?nggpage=2\">2<\/a><a class=\"next\" id=\"ngg-next-2\" href=\"https:\/\/www.nmace.com\/blog\/mongolie\/?nggpage=2\">&#9658;<\/a><\/div> \t\r\n<\/div>\r\n\r\n\n","protected":false},"excerpt":{"rendered":"","protected":false},"author":1,"featured_media":0,"parent":0,"menu_order":0,"comment_status":"closed","ping_status":"closed","template":"","meta":{"jetpack_post_was_ever_published":false,"footnotes":""},"jetpack_sharing_enabled":true,"jetpack_shortlink":"https:\/\/wp.me\/P4on3C-rx","jetpack-related-posts":[],"_links":{"self":[{"href":"https:\/\/www.nmace.com\/blog\/wp-json\/wp\/v2\/pages\/1707"}],"collection":[{"href":"https:\/\/www.nmace.com\/blog\/wp-json\/wp\/v2\/pages"}],"about":[{"href":"https:\/\/www.nmace.com\/blog\/wp-json\/wp\/v2\/types\/page"}],"author":[{"embeddable":true,"href":"https:\/\/www.nmace.com\/blog\/wp-json\/wp\/v2\/users\/1"}],"replies":[{"embeddable":true,"href":"https:\/\/www.nmace.com\/blog\/wp-json\/wp\/v2\/comments?post=1707"}],"version-history":[{"count":2,"href":"https:\/\/www.nmace.com\/blog\/wp-json\/wp\/v2\/pages\/1707\/revisions"}],"predecessor-version":[{"id":1710,"href":"https:\/\/www.nmace.com\/blog\/wp-json\/wp\/v2\/pages\/1707\/revisions\/1710"}],"wp:attachment":[{"href":"https:\/\/www.nmace.com\/blog\/wp-json\/wp\/v2\/media?parent=1707"}],"curies":[{"name":"wp","href":"https:\/\/api.w.org\/{rel}","templated":true}]}}