{"id":1242,"date":"2014-04-23T16:30:59","date_gmt":"2014-04-23T16:30:59","guid":{"rendered":"http:\/\/www.nmace.com\/blog\/?page_id=1242"},"modified":"2014-04-27T17:22:36","modified_gmt":"2014-04-27T17:22:36","slug":"pays-bas","status":"publish","type":"page","link":"https:\/\/www.nmace.com\/blog\/photos-videos\/pays-bas\/","title":{"rendered":"Pays-Bas"},"content":{"rendered":"<p>Cliquez sur les photos pour faire d\u00e9filer le diaporama.<\/p>\n\r\n<div class=\"ngg-galleryoverview\" id=\"ngg-gallery-8-1242\">\r\n\r\n\r\n\t\r\n\t<!-- Thumbnails -->\r\n\t\t\r\n\t<div id=\"ngg-image-38\" class=\"ngg-gallery-thumbnail-box\" style=\"width:25%;\" >\r\n\t\t<div class=\"ngg-gallery-thumbnail\" >\r\n\t\t\t<a href=\"https:\/\/i0.wp.com\/www.nmace.com\/blog\/wp-content\/gallery\/pays-bas\/dscn0004.jpg?ssl=1\" title=\" \" class=\"shutterset_set_8\" >\r\n\t\t\t\t\t\t\t\t<img loading=\"lazy\" decoding=\"async\" title=\"dscn0004\" alt=\"dscn0004\" src=\"https:\/\/i0.wp.com\/www.nmace.com\/blog\/wp-content\/gallery\/pays-bas\/thumbs\/thumbs_dscn0004.jpg?resize=100%2C75&#038;ssl=1\" width=\"100\" height=\"75\" data-recalc-dims=\"1\" \/>\r\n\t\t\t\t\t\t\t<\/a>\r\n\t\t<\/div>\r\n\t<\/div>\r\n\t\r\n\t\t\r\n \t\t\r\n\t<div id=\"ngg-image-39\" class=\"ngg-gallery-thumbnail-box\" style=\"width:25%;\" >\r\n\t\t<div class=\"ngg-gallery-thumbnail\" >\r\n\t\t\t<a href=\"https:\/\/i0.wp.com\/www.nmace.com\/blog\/wp-content\/gallery\/pays-bas\/dscn0005.jpg?ssl=1\" title=\" \" class=\"shutterset_set_8\" >\r\n\t\t\t\t\t\t\t\t<img loading=\"lazy\" decoding=\"async\" title=\"dscn0005\" alt=\"dscn0005\" src=\"https:\/\/i0.wp.com\/www.nmace.com\/blog\/wp-content\/gallery\/pays-bas\/thumbs\/thumbs_dscn0005.jpg?resize=100%2C75&#038;ssl=1\" width=\"100\" height=\"75\" data-recalc-dims=\"1\" \/>\r\n\t\t\t\t\t\t\t<\/a>\r\n\t\t<\/div>\r\n\t<\/div>\r\n\t\r\n\t\t\r\n \t\t\r\n\t<div id=\"ngg-image-40\" class=\"ngg-gallery-thumbnail-box\" style=\"width:25%;\" >\r\n\t\t<div class=\"ngg-gallery-thumbnail\" >\r\n\t\t\t<a href=\"https:\/\/i0.wp.com\/www.nmace.com\/blog\/wp-content\/gallery\/pays-bas\/dscn0008.jpg?ssl=1\" title=\"Piste cyclable en Z\u00e9lande (pays-bas)\" class=\"shutterset_set_8\" >\r\n\t\t\t\t\t\t\t\t<img loading=\"lazy\" decoding=\"async\" title=\"dscn0008\" alt=\"dscn0008\" src=\"https:\/\/i0.wp.com\/www.nmace.com\/blog\/wp-content\/gallery\/pays-bas\/thumbs\/thumbs_dscn0008.jpg?resize=100%2C75&#038;ssl=1\" width=\"100\" height=\"75\" data-recalc-dims=\"1\" \/>\r\n\t\t\t\t\t\t\t<\/a>\r\n\t\t<\/div>\r\n\t<\/div>\r\n\t\r\n\t\t\r\n \t\t\r\n\t<div id=\"ngg-image-41\" class=\"ngg-gallery-thumbnail-box\" style=\"width:25%;\" >\r\n\t\t<div class=\"ngg-gallery-thumbnail\" >\r\n\t\t\t<a href=\"https:\/\/i0.wp.com\/www.nmace.com\/blog\/wp-content\/gallery\/pays-bas\/dscn0037.jpg?ssl=1\" title=\"Piste cyclable en Z\u00e9lande (pays-bas\" class=\"shutterset_set_8\" >\r\n\t\t\t\t\t\t\t\t<img loading=\"lazy\" decoding=\"async\" title=\"dscn0037\" alt=\"dscn0037\" src=\"https:\/\/i0.wp.com\/www.nmace.com\/blog\/wp-content\/gallery\/pays-bas\/thumbs\/thumbs_dscn0037.jpg?resize=100%2C75&#038;ssl=1\" width=\"100\" height=\"75\" data-recalc-dims=\"1\" \/>\r\n\t\t\t\t\t\t\t<\/a>\r\n\t\t<\/div>\r\n\t<\/div>\r\n\t\r\n\t\t\t\t<br style=\"clear: both\" \/>\r\n\t\r\n \t\t\r\n\t<div id=\"ngg-image-42\" class=\"ngg-gallery-thumbnail-box\" style=\"width:25%;\" >\r\n\t\t<div class=\"ngg-gallery-thumbnail\" >\r\n\t\t\t<a href=\"https:\/\/i0.wp.com\/www.nmace.com\/blog\/wp-content\/gallery\/pays-bas\/dscn0025.jpg?ssl=1\" title=\"Piste cyclable en Z\u00e9lande (pays-bas\" class=\"shutterset_set_8\" >\r\n\t\t\t\t\t\t\t\t<img loading=\"lazy\" decoding=\"async\" title=\"dscn0025\" alt=\"dscn0025\" src=\"https:\/\/i0.wp.com\/www.nmace.com\/blog\/wp-content\/gallery\/pays-bas\/thumbs\/thumbs_dscn0025.jpg?resize=100%2C75&#038;ssl=1\" width=\"100\" height=\"75\" data-recalc-dims=\"1\" \/>\r\n\t\t\t\t\t\t\t<\/a>\r\n\t\t<\/div>\r\n\t<\/div>\r\n\t\r\n\t\t\r\n \t\t\r\n\t<div id=\"ngg-image-43\" class=\"ngg-gallery-thumbnail-box\" style=\"width:25%;\" >\r\n\t\t<div class=\"ngg-gallery-thumbnail\" >\r\n\t\t\t<a href=\"https:\/\/i0.wp.com\/www.nmace.com\/blog\/wp-content\/gallery\/pays-bas\/parking_velo.jpg?ssl=1\" title=\"Parking \u00e0 v\u00e9lo en double \u00e9tages.\" class=\"shutterset_set_8\" >\r\n\t\t\t\t\t\t\t\t<img loading=\"lazy\" decoding=\"async\" title=\"parking_velo\" alt=\"parking_velo\" src=\"https:\/\/i0.wp.com\/www.nmace.com\/blog\/wp-content\/gallery\/pays-bas\/thumbs\/thumbs_parking_velo.jpg?resize=100%2C75&#038;ssl=1\" width=\"100\" height=\"75\" data-recalc-dims=\"1\" \/>\r\n\t\t\t\t\t\t\t<\/a>\r\n\t\t<\/div>\r\n\t<\/div>\r\n\t\r\n\t\t\r\n \t\t\r\n\t<div id=\"ngg-image-44\" class=\"ngg-gallery-thumbnail-box\" style=\"width:25%;\" >\r\n\t\t<div class=\"ngg-gallery-thumbnail\" >\r\n\t\t\t<a href=\"https:\/\/i0.wp.com\/www.nmace.com\/blog\/wp-content\/gallery\/pays-bas\/fete_hollande.jpg?ssl=1\" title=\"F\u00eate du roi du 26 avril\" class=\"shutterset_set_8\" >\r\n\t\t\t\t\t\t\t\t<img loading=\"lazy\" decoding=\"async\" title=\"fete_hollande\" alt=\"fete_hollande\" src=\"https:\/\/i0.wp.com\/www.nmace.com\/blog\/wp-content\/gallery\/pays-bas\/thumbs\/thumbs_fete_hollande.jpg?resize=100%2C75&#038;ssl=1\" width=\"100\" height=\"75\" data-recalc-dims=\"1\" \/>\r\n\t\t\t\t\t\t\t<\/a>\r\n\t\t<\/div>\r\n\t<\/div>\r\n\t\r\n\t\t\r\n \t\t\r\n\t<div id=\"ngg-image-45\" class=\"ngg-gallery-thumbnail-box\" style=\"width:25%;\" >\r\n\t\t<div class=\"ngg-gallery-thumbnail\" >\r\n\t\t\t<a href=\"https:\/\/i0.wp.com\/www.nmace.com\/blog\/wp-content\/gallery\/pays-bas\/dscn0002.jpg?ssl=1\" title=\"Moulin\" class=\"shutterset_set_8\" >\r\n\t\t\t\t\t\t\t\t<img loading=\"lazy\" decoding=\"async\" title=\"dscn0002\" alt=\"dscn0002\" src=\"https:\/\/i0.wp.com\/www.nmace.com\/blog\/wp-content\/gallery\/pays-bas\/thumbs\/thumbs_dscn0002.jpg?resize=100%2C75&#038;ssl=1\" width=\"100\" height=\"75\" data-recalc-dims=\"1\" \/>\r\n\t\t\t\t\t\t\t<\/a>\r\n\t\t<\/div>\r\n\t<\/div>\r\n\t\r\n\t\t\t\t<br style=\"clear: both\" \/>\r\n\t\r\n \t\t\r\n\t<div id=\"ngg-image-46\" class=\"ngg-gallery-thumbnail-box\" style=\"width:25%;\" >\r\n\t\t<div class=\"ngg-gallery-thumbnail\" >\r\n\t\t\t<a href=\"https:\/\/i0.wp.com\/www.nmace.com\/blog\/wp-content\/gallery\/pays-bas\/dscn0046.jpg?ssl=1\" title=\"Digues dans la region de la Zelande, region a grand risque d'inondation. Donc region peu peupl\u00e9 mais magnifique.\" class=\"shutterset_set_8\" >\r\n\t\t\t\t\t\t\t\t<img loading=\"lazy\" decoding=\"async\" title=\"dscn0046\" alt=\"dscn0046\" src=\"https:\/\/i0.wp.com\/www.nmace.com\/blog\/wp-content\/gallery\/pays-bas\/thumbs\/thumbs_dscn0046.jpg?resize=100%2C75&#038;ssl=1\" width=\"100\" height=\"75\" data-recalc-dims=\"1\" \/>\r\n\t\t\t\t\t\t\t<\/a>\r\n\t\t<\/div>\r\n\t<\/div>\r\n\t\r\n\t\t\r\n \t\t\r\n\t<div id=\"ngg-image-48\" class=\"ngg-gallery-thumbnail-box\" style=\"width:25%;\" >\r\n\t\t<div class=\"ngg-gallery-thumbnail\" >\r\n\t\t\t<a href=\"https:\/\/i0.wp.com\/www.nmace.com\/blog\/wp-content\/gallery\/pays-bas\/port_breskens_0.jpg?ssl=1\" title=\" \" class=\"shutterset_set_8\" >\r\n\t\t\t\t\t\t\t\t<img loading=\"lazy\" decoding=\"async\" title=\"port_breskens_0\" alt=\"port_breskens_0\" src=\"https:\/\/i0.wp.com\/www.nmace.com\/blog\/wp-content\/gallery\/pays-bas\/thumbs\/thumbs_port_breskens_0.jpg?resize=100%2C75&#038;ssl=1\" width=\"100\" height=\"75\" data-recalc-dims=\"1\" \/>\r\n\t\t\t\t\t\t\t<\/a>\r\n\t\t<\/div>\r\n\t<\/div>\r\n\t\r\n\t\t\r\n \t\t\r\n\t<div id=\"ngg-image-52\" class=\"ngg-gallery-thumbnail-box\" style=\"width:25%;\" >\r\n\t\t<div class=\"ngg-gallery-thumbnail\" >\r\n\t\t\t<a href=\"https:\/\/i0.wp.com\/www.nmace.com\/blog\/wp-content\/gallery\/pays-bas\/dscn0016.jpg?ssl=1\" title=\" \" class=\"shutterset_set_8\" >\r\n\t\t\t\t\t\t\t\t<img loading=\"lazy\" decoding=\"async\" title=\"dscn0016\" alt=\"dscn0016\" src=\"https:\/\/i0.wp.com\/www.nmace.com\/blog\/wp-content\/gallery\/pays-bas\/thumbs\/thumbs_dscn0016.jpg?resize=100%2C75&#038;ssl=1\" width=\"100\" height=\"75\" data-recalc-dims=\"1\" \/>\r\n\t\t\t\t\t\t\t<\/a>\r\n\t\t<\/div>\r\n\t<\/div>\r\n\t\r\n\t\t\r\n \t\t\r\n\t<div id=\"ngg-image-53\" class=\"ngg-gallery-thumbnail-box\" style=\"width:25%;\" >\r\n\t\t<div class=\"ngg-gallery-thumbnail\" >\r\n\t\t\t<a href=\"https:\/\/i0.wp.com\/www.nmace.com\/blog\/wp-content\/gallery\/pays-bas\/dscn0025_0.jpg?ssl=1\" title=\" \" class=\"shutterset_set_8\" >\r\n\t\t\t\t\t\t\t\t<img loading=\"lazy\" decoding=\"async\" title=\"dscn0025_0\" alt=\"dscn0025_0\" src=\"https:\/\/i0.wp.com\/www.nmace.com\/blog\/wp-content\/gallery\/pays-bas\/thumbs\/thumbs_dscn0025_0.jpg?resize=100%2C75&#038;ssl=1\" width=\"100\" height=\"75\" data-recalc-dims=\"1\" \/>\r\n\t\t\t\t\t\t\t<\/a>\r\n\t\t<\/div>\r\n\t<\/div>\r\n\t\r\n\t\t\t\t<br style=\"clear: both\" \/>\r\n\t\r\n \t\t\r\n\t<div id=\"ngg-image-54\" class=\"ngg-gallery-thumbnail-box\" style=\"width:25%;\" >\r\n\t\t<div class=\"ngg-gallery-thumbnail\" >\r\n\t\t\t<a href=\"https:\/\/i0.wp.com\/www.nmace.com\/blog\/wp-content\/gallery\/pays-bas\/dscn0027.jpg?ssl=1\" title=\"S\u00e9chage de mon duvet.\" class=\"shutterset_set_8\" >\r\n\t\t\t\t\t\t\t\t<img loading=\"lazy\" decoding=\"async\" title=\"dscn0027\" alt=\"dscn0027\" src=\"https:\/\/i0.wp.com\/www.nmace.com\/blog\/wp-content\/gallery\/pays-bas\/thumbs\/thumbs_dscn0027.jpg?resize=100%2C75&#038;ssl=1\" width=\"100\" height=\"75\" data-recalc-dims=\"1\" \/>\r\n\t\t\t\t\t\t\t<\/a>\r\n\t\t<\/div>\r\n\t<\/div>\r\n\t\r\n\t\t\r\n \t\t\r\n\t<div id=\"ngg-image-55\" class=\"ngg-gallery-thumbnail-box\" style=\"width:25%;\" >\r\n\t\t<div class=\"ngg-gallery-thumbnail\" >\r\n\t\t\t<a href=\"https:\/\/i0.wp.com\/www.nmace.com\/blog\/wp-content\/gallery\/pays-bas\/dscn1518_0.jpg?ssl=1\" title=\"Parc national De Hoge Veluwe, une petite pause.\" class=\"shutterset_set_8\" >\r\n\t\t\t\t\t\t\t\t<img loading=\"lazy\" decoding=\"async\" title=\"dscn1518_0\" alt=\"dscn1518_0\" src=\"https:\/\/i0.wp.com\/www.nmace.com\/blog\/wp-content\/gallery\/pays-bas\/thumbs\/thumbs_dscn1518_0.jpg?resize=100%2C75&#038;ssl=1\" width=\"100\" height=\"75\" data-recalc-dims=\"1\" \/>\r\n\t\t\t\t\t\t\t<\/a>\r\n\t\t<\/div>\r\n\t<\/div>\r\n\t\r\n\t\t\r\n \t \t\r\n\t<!-- Pagination -->\r\n \t<div class='ngg-clear'><\/div>\n \t\r\n<\/div>\r\n\r\n\n","protected":false},"excerpt":{"rendered":"<p>Cliquez sur les photos pour faire d\u00e9filer le diaporama.<\/p>\n","protected":false},"author":1,"featured_media":0,"parent":806,"menu_order":0,"comment_status":"closed","ping_status":"closed","template":"","meta":{"jetpack_post_was_ever_published":false,"footnotes":""},"jetpack_sharing_enabled":true,"jetpack_shortlink":"https:\/\/wp.me\/P4on3C-k2","jetpack-related-posts":[],"_links":{"self":[{"href":"https:\/\/www.nmace.com\/blog\/wp-json\/wp\/v2\/pages\/1242"}],"collection":[{"href":"https:\/\/www.nmace.com\/blog\/wp-json\/wp\/v2\/pages"}],"about":[{"href":"https:\/\/www.nmace.com\/blog\/wp-json\/wp\/v2\/types\/page"}],"author":[{"embeddable":true,"href":"https:\/\/www.nmace.com\/blog\/wp-json\/wp\/v2\/users\/1"}],"replies":[{"embeddable":true,"href":"https:\/\/www.nmace.com\/blog\/wp-json\/wp\/v2\/comments?post=1242"}],"version-history":[{"count":3,"href":"https:\/\/www.nmace.com\/blog\/wp-json\/wp\/v2\/pages\/1242\/revisions"}],"predecessor-version":[{"id":1284,"href":"https:\/\/www.nmace.com\/blog\/wp-json\/wp\/v2\/pages\/1242\/revisions\/1284"}],"up":[{"embeddable":true,"href":"https:\/\/www.nmace.com\/blog\/wp-json\/wp\/v2\/pages\/806"}],"wp:attachment":[{"href":"https:\/\/www.nmace.com\/blog\/wp-json\/wp\/v2\/media?parent=1242"}],"curies":[{"name":"wp","href":"https:\/\/api.w.org\/{rel}","templated":true}]}}